{"id":32,"date":"2026-01-09T18:17:26","date_gmt":"2026-01-09T18:17:26","guid":{"rendered":"https:\/\/javaforumnord.de\/2026_new\/?page_id=32"},"modified":"2026-04-05T15:34:01","modified_gmt":"2026-04-05T14:34:01","slug":"java-forum-nord-2026","status":"publish","type":"page","link":"https:\/\/javaforumnord.de\/2026\/","title":{"rendered":"Java Forum Nord 2026"},"content":{"rendered":"<div id=\"pl-32\"  class=\"panel-layout\" ><div id=\"pg-32-0\"  class=\"panel-grid panel-has-style\" ><div class=\"so-parallax siteorigin-panels-stretch panel-row-style panel-row-style-for-32-0\" data-stretch-type=\"full\" ><img fetchpriority=\"high\" decoding=\"async\" width=\"2500\" height=\"1401\" src=\"https:\/\/javaforumnord.de\/2026\/wp-content\/uploads\/2026\/01\/20240910141751-shi-M6-IMG_2115.jpg\" class=\"attachment-full size-full\" alt=\"\" data-siteorigin-parallax=\"true\" loading=\"eager\" style=\"opacity: 0.50;\" srcset=\"https:\/\/javaforumnord.de\/2026\/wp-content\/uploads\/2026\/01\/20240910141751-shi-M6-IMG_2115.jpg 2500w, https:\/\/javaforumnord.de\/2026\/wp-content\/uploads\/2026\/01\/20240910141751-shi-M6-IMG_2115-300x168.jpg 300w, https:\/\/javaforumnord.de\/2026\/wp-content\/uploads\/2026\/01\/20240910141751-shi-M6-IMG_2115-1024x574.jpg 1024w, https:\/\/javaforumnord.de\/2026\/wp-content\/uploads\/2026\/01\/20240910141751-shi-M6-IMG_2115-768x430.jpg 768w, https:\/\/javaforumnord.de\/2026\/wp-content\/uploads\/2026\/01\/20240910141751-shi-M6-IMG_2115-1536x861.jpg 1536w, https:\/\/javaforumnord.de\/2026\/wp-content\/uploads\/2026\/01\/20240910141751-shi-M6-IMG_2115-2048x1148.jpg 2048w\" sizes=\"(max-width: 2500px) 100vw, 2500px\" \/><div id=\"pgc-32-0-0\"  class=\"panel-grid-cell\" ><div id=\"panel-32-0-0-0\" class=\"so-panel widget widget_sow-image panel-first-child panel-last-child\" data-index=\"0\" ><div\n\t\t\t\n\t\t\tclass=\"so-widget-sow-image so-widget-sow-image-default-8b5b6f678277-32\"\n\t\t\t\n\t\t>\n<div class=\"sow-image-container\">\n\t\t<img \n\tsrc=\"https:\/\/javaforumnord.de\/2026\/wp-content\/uploads\/2026\/01\/logo2025.png\" width=\"749\" height=\"593\" srcset=\"https:\/\/javaforumnord.de\/2026\/wp-content\/uploads\/2026\/01\/logo2025.png 749w, https:\/\/javaforumnord.de\/2026\/wp-content\/uploads\/2026\/01\/logo2025-300x238.png 300w\" sizes=\"(max-width: 749px) 100vw, 749px\" alt=\"\" \t\tclass=\"so-widget-image\"\/>\n\t<\/div>\n\n<\/div><\/div><\/div><div id=\"pgc-32-0-1\"  class=\"panel-grid-cell\" ><div id=\"panel-32-0-1-0\" class=\"so-panel widget widget_sow-headline panel-first-child panel-last-child\" data-index=\"1\" ><div\n\t\t\t\n\t\t\tclass=\"so-widget-sow-headline so-widget-sow-headline-default-eef56562ba7b-32\"\n\t\t\t\n\t\t><div class=\"sow-headline-container \">\n\t\t\t\t\t\t\t<h2 class=\"sow-headline\">\n\t\t\t\t\t\tJava Forum Nord 2026\t\t\t\t\t\t<\/h2>\n\t\t\t\t\t\t\t\t\t\t\t<div class=\"decoration\">\n\t\t\t\t\t\t<div class=\"decoration-inside\"><\/div>\n\t\t\t\t\t<\/div>\n\t\t\t\t\t\t\t\t\t\t\t<h3 class=\"sow-sub-headline\">\n\t\t\t\t\t\tDienstag, 22. September 2026<br \/>Hannover MHH \t\t\t\t\t\t<\/h3>\n\t\t\t\t\t\t<\/div>\n<\/div><\/div><\/div><\/div><\/div><div id=\"pg-32-1\"  class=\"panel-grid panel-no-style\" ><div id=\"pgc-32-1-0\"  class=\"panel-grid-cell\" ><div id=\"panel-32-1-0-0\" class=\"so-panel widget widget_sow-headline panel-first-child\" data-index=\"2\" ><div\n\t\t\t\n\t\t\tclass=\"so-widget-sow-headline so-widget-sow-headline-default-85ea4ac10cbf-32\"\n\t\t\t\n\t\t><div class=\"sow-headline-container \">\n\t\t\t\t\t\t\t<h2 class=\"sow-headline\">\n\t\t\t\t\t\tDie Java Community Konferenz im Norden - in neuer Location\t\t\t\t\t\t<\/h2>\n\t\t\t\t\t\t<\/div>\n<\/div><\/div><div id=\"panel-32-1-0-1\" class=\"so-panel widget widget_text panel-last-child\" data-index=\"3\" >\t\t\t<div class=\"textwidget\"><p>Nach sechs erfolgreichen Veranstaltungen im HCC wechselt das Java Forum Nord zum dritten Mal seine Location. Wir haben klein in einem Hotel angefangen und sind inzwischen zu einem festen Bestandteil der Java Community im Norden Deutschlands und dar\u00fcber hinaus geworden. Es war uns immer ein Anliegen die Teilnahme am Java Forum Nord f\u00fcr jeden und jede zu erm\u00f6glichen. Unseren Besuchern weiterhin ein hochkar\u00e4tiges Programm zu einem vergleichsweise g\u00fcnstigen Preis zu bieten ist an unserem bisherigen Veranstaltungsort leider nicht mehr m\u00f6glich. Wir haben aber eine sehr gute Alternative gefunden und freuen uns darauf euch beim Java Forum Nord 2026 in der Medizinischen Hochschule Hannover (MHH) begr\u00fc\u00dfen zu d\u00fcrfen.<\/p>\n<\/div>\n\t\t<\/div><\/div><\/div><div id=\"pg-32-2\"  class=\"panel-grid panel-no-style\" ><div id=\"pgc-32-2-0\"  class=\"panel-grid-cell\" ><div id=\"panel-32-2-0-0\" class=\"so-panel widget widget_sow-headline panel-first-child\" data-index=\"4\" ><div\n\t\t\t\n\t\t\tclass=\"so-widget-sow-headline so-widget-sow-headline-default-85ea4ac10cbf-32\"\n\t\t\t\n\t\t><div class=\"sow-headline-container \">\n\t\t\t\t\t\t\t<h2 class=\"sow-headline\">\n\t\t\t\t\t\tFr\u00fchbuchertickets verf\u00fcgbar\t\t\t\t\t\t<\/h2>\n\t\t\t\t\t\t<\/div>\n<\/div><\/div><div id=\"panel-32-2-0-1\" class=\"so-panel widget widget_text panel-last-child\" data-index=\"5\" >\t\t\t<div class=\"textwidget\"><p>Mit Fr\u00fchbuchertickets sparen. Ab sofort sind Tickets zum g\u00fcnstigen Early Bird Preisen verf\u00fcgbar: <strong><a href=\"https:\/\/javaforumnord.de\/2026\/tickets\/\">zum Ticketshop!<\/a><\/strong><\/p>\n<\/div>\n\t\t<\/div><\/div><\/div><div id=\"pg-32-3\"  class=\"panel-grid panel-no-style\" ><div id=\"pgc-32-3-0\"  class=\"panel-grid-cell\" ><div id=\"panel-32-3-0-0\" class=\"so-panel widget widget_sow-headline panel-first-child\" data-index=\"6\" ><div\n\t\t\t\n\t\t\tclass=\"so-widget-sow-headline so-widget-sow-headline-default-85ea4ac10cbf-32\"\n\t\t\t\n\t\t><div class=\"sow-headline-container \">\n\t\t\t\t\t\t\t<h2 class=\"sow-headline\">\n\t\t\t\t\t\tVortrag einreichen\t\t\t\t\t\t<\/h2>\n\t\t\t\t\t\t<\/div>\n<\/div><\/div><div id=\"panel-32-3-0-1\" class=\"so-panel widget widget_text panel-last-child\" data-index=\"7\" >\t\t\t<div class=\"textwidget\"><p>Wir m\u00f6chten deinen Vortrag f\u00fcr das Java Forum Nord 2026. Noch bis zum 5.5. nehmen wir Vortragsvorschl\u00e4ge an: <strong><a href=\"https:\/\/sessionize.com\/java-forum-nord-2026\" target=\"_blank\" rel=\"noopener\" class=\"external\">Jetzt einreichen!<\/a><\/strong><\/p>\n<p>&nbsp;<\/p>\n<\/div>\n\t\t<\/div><\/div><\/div><div id=\"pg-32-4\"  class=\"panel-grid panel-no-style\" ><div id=\"pgc-32-4-0\"  class=\"panel-grid-cell\" ><div id=\"panel-32-4-0-0\" class=\"so-panel widget widget_sow-headline panel-first-child panel-last-child\" data-index=\"8\" ><div\n\t\t\t\n\t\t\tclass=\"so-widget-sow-headline so-widget-sow-headline-default-85ea4ac10cbf-32\"\n\t\t\t\n\t\t><div class=\"sow-headline-container \">\n\t\t\t\t\t\t\t<h2 class=\"sow-headline\">\n\t\t\t\t\t\tKeynotes\t\t\t\t\t\t<\/h2>\n\t\t\t\t\t\t<\/div>\n<\/div><\/div><\/div><\/div><div id=\"pg-32-5\"  class=\"panel-grid panel-no-style\" ><div id=\"pgc-32-5-0\"  class=\"panel-grid-cell\" ><div id=\"panel-32-5-0-0\" class=\"so-panel widget widget_sow-editor panel-first-child\" data-index=\"9\" ><div\n\t\t\t\n\t\t\tclass=\"so-widget-sow-editor so-widget-sow-editor-base\"\n\t\t\t\n\t\t>\n<div class=\"siteorigin-widget-tinymce textwidget\">\n\t<p style=\"text-align: center;\">Opening Keynote<\/p>\n<\/div>\n<\/div><\/div><div id=\"panel-32-5-0-1\" class=\"so-panel widget widget_sow-image\" data-index=\"10\" ><div\n\t\t\t\n\t\t\tclass=\"so-widget-sow-image so-widget-sow-image-default-cb80aabe1e7d-32\"\n\t\t\t\n\t\t>\n<div class=\"sow-image-container\">\n\t\t<img \n\tsrc=\"https:\/\/javaforumnord.de\/2026\/wp-content\/uploads\/2026\/01\/head-shot-2025-square-300x300.jpg\" width=\"300\" height=\"300\" srcset=\"https:\/\/javaforumnord.de\/2026\/wp-content\/uploads\/2026\/01\/head-shot-2025-square-300x300.jpg 300w, https:\/\/javaforumnord.de\/2026\/wp-content\/uploads\/2026\/01\/head-shot-2025-square-1024x1024.jpg 1024w, https:\/\/javaforumnord.de\/2026\/wp-content\/uploads\/2026\/01\/head-shot-2025-square-150x150.jpg 150w, https:\/\/javaforumnord.de\/2026\/wp-content\/uploads\/2026\/01\/head-shot-2025-square-768x768.jpg 768w, https:\/\/javaforumnord.de\/2026\/wp-content\/uploads\/2026\/01\/head-shot-2025-square-500x500.jpg 500w, https:\/\/javaforumnord.de\/2026\/wp-content\/uploads\/2026\/01\/head-shot-2025-square.jpg 1500w\" sizes=\"(max-width: 300px) 100vw, 300px\" alt=\"\" \t\tclass=\"so-widget-image\"\/>\n\t<\/div>\n\n<\/div><\/div><div id=\"panel-32-5-0-2\" class=\"so-panel widget widget_sow-editor panel-last-child\" data-index=\"11\" ><div\n\t\t\t\n\t\t\tclass=\"so-widget-sow-editor so-widget-sow-editor-base\"\n\t\t\t\n\t\t>\n<div class=\"siteorigin-widget-tinymce textwidget\">\n\t<p style=\"text-align: center;\"><strong>Nora Sch\u00f6ner<br \/>\n<\/strong>Cloud Architektin\u00a0&amp; AWS Hero<\/p>\n<\/div>\n<\/div><\/div><\/div><div id=\"pgc-32-5-1\"  class=\"panel-grid-cell\" ><div id=\"panel-32-5-1-0\" class=\"so-panel widget widget_sow-editor panel-first-child\" data-index=\"12\" ><div\n\t\t\t\n\t\t\tclass=\"so-widget-sow-editor so-widget-sow-editor-base\"\n\t\t\t\n\t\t>\n<div class=\"siteorigin-widget-tinymce textwidget\">\n\t<p style=\"text-align: center;\">Closing Keynote<\/p>\n<\/div>\n<\/div><\/div><div id=\"panel-32-5-1-1\" class=\"so-panel widget widget_sow-image\" data-index=\"13\" ><div\n\t\t\t\n\t\t\tclass=\"so-widget-sow-image so-widget-sow-image-default-d2f207ec21d3-32\"\n\t\t\t\n\t\t>\n<div class=\"sow-image-container\">\n\t\t<img \n\tsrc=\"https:\/\/javaforumnord.de\/2026\/wp-content\/uploads\/2026\/02\/olli-opa-252x300.jpeg\" width=\"252\" height=\"300\" srcset=\"https:\/\/javaforumnord.de\/2026\/wp-content\/uploads\/2026\/02\/olli-opa-252x300.jpeg 252w, https:\/\/javaforumnord.de\/2026\/wp-content\/uploads\/2026\/02\/olli-opa-861x1024.jpeg 861w, https:\/\/javaforumnord.de\/2026\/wp-content\/uploads\/2026\/02\/olli-opa-768x913.jpeg 768w, https:\/\/javaforumnord.de\/2026\/wp-content\/uploads\/2026\/02\/olli-opa-1292x1536.jpeg 1292w, https:\/\/javaforumnord.de\/2026\/wp-content\/uploads\/2026\/02\/olli-opa.jpeg 1722w\" sizes=\"(max-width: 252px) 100vw, 252px\" alt=\"\" \t\tclass=\"so-widget-image\"\/>\n\t<\/div>\n\n<\/div><\/div><div id=\"panel-32-5-1-2\" class=\"so-panel widget widget_sow-editor panel-last-child\" data-index=\"14\" ><div\n\t\t\t\n\t\t\tclass=\"so-widget-sow-editor so-widget-sow-editor-base\"\n\t\t\t\n\t\t>\n<div class=\"siteorigin-widget-tinymce textwidget\">\n\t<p style=\"text-align: center;\"><strong>Oliver Zeigermann<br \/>\n<\/strong>IT Veteran<\/p>\n<\/div>\n<\/div><\/div><\/div><\/div><div id=\"pg-32-6\"  class=\"panel-grid panel-no-style\" ><div id=\"pgc-32-6-0\"  class=\"panel-grid-cell\" ><div id=\"panel-32-6-0-0\" class=\"so-panel widget widget_sow-headline panel-first-child\" data-index=\"15\" ><div\n\t\t\t\n\t\t\tclass=\"so-widget-sow-headline so-widget-sow-headline-default-85ea4ac10cbf-32\"\n\t\t\t\n\t\t><div class=\"sow-headline-container \">\n\t\t\t\t\t\t\t<h2 class=\"sow-headline\">\n\t\t\t\t\t\tSponsoren und Kooperationspartner\t\t\t\t\t\t<\/h2>\n\t\t\t\t\t\t<\/div>\n<\/div><\/div><div id=\"panel-32-6-0-1\" class=\"so-panel widget widget_text panel-last-child\" data-index=\"16\" >\t\t\t<div class=\"textwidget\"><p>Das Java Forum Nord ist eine Community-Konferenz und lebt von den Ideen und der Hilfe vieler Freiwilliger. Wir m\u00f6chten jedem die Teilnahme erm\u00f6glichen und versuchen daher unsere Ticketpreise so niedrig wie m\u00f6glich zu halten. Sponsoren erm\u00f6glichen es uns z.B. nochmal g\u00fcnstigere Ticketpreise f\u00fcr Studenten anzubieten. Wir bieten Sponsoring in den Stufen Gold, Silber und Bronze und zus\u00e4tzlich die Option mit einem Stand auf der Konferenz direkt mit den Teilnehmern ins Gespr\u00e4ch zu kommen.<\/p>\n<\/div>\n\t\t<\/div><\/div><\/div><div id=\"pg-32-7\"  class=\"panel-grid panel-no-style\" ><div id=\"pgc-32-7-0\"  class=\"panel-grid-cell\" ><div id=\"panel-32-7-0-0\" class=\"so-panel widget widget_sow-image panel-first-child panel-last-child\" data-index=\"17\" ><div class=\"so-rounded panel-widget-style panel-widget-style-for-32-7-0-0\" ><div\n\t\t\t\n\t\t\tclass=\"so-widget-sow-image so-widget-sow-image-default-c67d20f9f743-32\"\n\t\t\t\n\t\t>\n<div class=\"sow-image-container\">\n\t\t\t<a href=\"https:\/\/www.rossmann.de\/\"\n\t\t\ttarget=\"_blank\" rel=\"noopener noreferrer\" \t\t>\n\t\t\t<img \n\tsrc=\"https:\/\/javaforumnord.de\/2026\/wp-content\/uploads\/2026\/02\/ROSSMANN_Filiallogo_Standard_RGB-300x300.png\" width=\"300\" height=\"300\" srcset=\"https:\/\/javaforumnord.de\/2026\/wp-content\/uploads\/2026\/02\/ROSSMANN_Filiallogo_Standard_RGB-300x300.png 300w, https:\/\/javaforumnord.de\/2026\/wp-content\/uploads\/2026\/02\/ROSSMANN_Filiallogo_Standard_RGB-1024x1024.png 1024w, https:\/\/javaforumnord.de\/2026\/wp-content\/uploads\/2026\/02\/ROSSMANN_Filiallogo_Standard_RGB-150x150.png 150w, https:\/\/javaforumnord.de\/2026\/wp-content\/uploads\/2026\/02\/ROSSMANN_Filiallogo_Standard_RGB-768x768.png 768w, https:\/\/javaforumnord.de\/2026\/wp-content\/uploads\/2026\/02\/ROSSMANN_Filiallogo_Standard_RGB-1536x1536.png 1536w, https:\/\/javaforumnord.de\/2026\/wp-content\/uploads\/2026\/02\/ROSSMANN_Filiallogo_Standard_RGB-500x500.png 500w, https:\/\/javaforumnord.de\/2026\/wp-content\/uploads\/2026\/02\/ROSSMANN_Filiallogo_Standard_RGB.png 1684w\" sizes=\"(max-width: 300px) 100vw, 300px\" title=\"rossmann\" alt=\"\" \t\tclass=\"so-widget-image\"\/>\n\t\t\t<\/a><\/div>\n\n<\/div><\/div><\/div><\/div><div id=\"pgc-32-7-1\"  class=\"panel-grid-cell\" ><div id=\"panel-32-7-1-0\" class=\"so-panel widget widget_sow-image panel-first-child\" data-index=\"18\" ><div class=\"so-rounded panel-widget-style panel-widget-style-for-32-7-1-0\" ><div\n\t\t\t\n\t\t\tclass=\"so-widget-sow-image so-widget-sow-image-default-8b5b6f678277-32\"\n\t\t\t\n\t\t>\n<div class=\"sow-image-container\">\n\t\t\t<a href=\"https:\/\/www.f-i.de\/Karriere\"\n\t\t\ttarget=\"_blank\" rel=\"noopener noreferrer\" \t\t>\n\t\t\t<img \n\tsrc=\"https:\/\/javaforumnord.de\/2026\/wp-content\/uploads\/2026\/03\/fi_unternehmenslogo-cmyk_fi_unternehmensmarke-cmyk-rot-schutzraum.png\" width=\"1000\" height=\"300\" srcset=\"https:\/\/javaforumnord.de\/2026\/wp-content\/uploads\/2026\/03\/fi_unternehmenslogo-cmyk_fi_unternehmensmarke-cmyk-rot-schutzraum.png 1000w, https:\/\/javaforumnord.de\/2026\/wp-content\/uploads\/2026\/03\/fi_unternehmenslogo-cmyk_fi_unternehmensmarke-cmyk-rot-schutzraum-300x90.png 300w, https:\/\/javaforumnord.de\/2026\/wp-content\/uploads\/2026\/03\/fi_unternehmenslogo-cmyk_fi_unternehmensmarke-cmyk-rot-schutzraum-768x230.png 768w\" sizes=\"(max-width: 1000px) 100vw, 1000px\" title=\"finanz Informatik\" alt=\"\" \t\tclass=\"so-widget-image\"\/>\n\t\t\t<\/a><\/div>\n\n<\/div><\/div><\/div><div id=\"panel-32-7-1-1\" class=\"so-panel widget widget_sow-image panel-last-child\" data-index=\"19\" ><div class=\"so-rounded panel-widget-style panel-widget-style-for-32-7-1-1\" ><div\n\t\t\t\n\t\t\tclass=\"so-widget-sow-image so-widget-sow-image-default-8b5b6f678277-32\"\n\t\t\t\n\t\t>\n<div class=\"sow-image-container\">\n\t\t\t<a href=\"https:\/\/www.rewe-digital.com\"\n\t\t\ttarget=\"_blank\" rel=\"noopener noreferrer\" \t\t>\n\t\t\t<img \n\tsrc=\"https:\/\/javaforumnord.de\/2026\/wp-content\/uploads\/2026\/03\/REWEdigital-Logo-rgb_black.png\" width=\"967\" height=\"539\" srcset=\"https:\/\/javaforumnord.de\/2026\/wp-content\/uploads\/2026\/03\/REWEdigital-Logo-rgb_black.png 967w, https:\/\/javaforumnord.de\/2026\/wp-content\/uploads\/2026\/03\/REWEdigital-Logo-rgb_black-300x167.png 300w, https:\/\/javaforumnord.de\/2026\/wp-content\/uploads\/2026\/03\/REWEdigital-Logo-rgb_black-768x428.png 768w\" sizes=\"(max-width: 967px) 100vw, 967px\" title=\"REWEdigital\" alt=\"\" \t\tclass=\"so-widget-image\"\/>\n\t\t\t<\/a><\/div>\n\n<\/div><\/div><\/div><\/div><div id=\"pgc-32-7-2\"  class=\"panel-grid-cell\" ><div id=\"panel-32-7-2-0\" class=\"so-panel widget widget_sow-image panel-first-child\" data-index=\"20\" ><div class=\"so-rounded panel-widget-style panel-widget-style-for-32-7-2-0\" ><div\n\t\t\t\n\t\t\tclass=\"so-widget-sow-image so-widget-sow-image-default-8b5b6f678277-32\"\n\t\t\t\n\t\t>\n<div class=\"sow-image-container\">\n\t\t\t<a href=\"https:\/\/www.hogrefe.com\"\n\t\t\ttarget=\"_blank\" rel=\"noopener noreferrer\" \t\t>\n\t\t\t<img \n\tsrc=\"https:\/\/javaforumnord.de\/2026\/wp-content\/uploads\/2026\/03\/Hogrefe_RGB_black.png\" width=\"1182\" height=\"290\" srcset=\"https:\/\/javaforumnord.de\/2026\/wp-content\/uploads\/2026\/03\/Hogrefe_RGB_black.png 1182w, https:\/\/javaforumnord.de\/2026\/wp-content\/uploads\/2026\/03\/Hogrefe_RGB_black-300x74.png 300w, https:\/\/javaforumnord.de\/2026\/wp-content\/uploads\/2026\/03\/Hogrefe_RGB_black-1024x251.png 1024w, https:\/\/javaforumnord.de\/2026\/wp-content\/uploads\/2026\/03\/Hogrefe_RGB_black-768x188.png 768w\" sizes=\"(max-width: 1182px) 100vw, 1182px\" title=\"Hogrefe\" alt=\"\" \t\tclass=\"so-widget-image\"\/>\n\t\t\t<\/a><\/div>\n\n<\/div><\/div><\/div><div id=\"panel-32-7-2-1\" class=\"so-panel widget widget_sow-image panel-last-child\" data-index=\"21\" ><div class=\"so-rounded panel-widget-style panel-widget-style-for-32-7-2-1\" ><div\n\t\t\t\n\t\t\tclass=\"so-widget-sow-image so-widget-sow-image-default-8b5b6f678277-32\"\n\t\t\t\n\t\t>\n<div class=\"sow-image-container\">\n\t\t\t<a href=\"https:\/\/www.viadee.de\"\n\t\t\ttarget=\"_blank\" rel=\"noopener noreferrer\" \t\t>\n\t\t\t<img \n\tsrc=\"https:\/\/javaforumnord.de\/2026\/wp-content\/uploads\/2026\/03\/viadee-Logo-mit-Claim-Grapefruit-RGB-scaled.png\" width=\"2560\" height=\"1189\" srcset=\"https:\/\/javaforumnord.de\/2026\/wp-content\/uploads\/2026\/03\/viadee-Logo-mit-Claim-Grapefruit-RGB-scaled.png 2560w, https:\/\/javaforumnord.de\/2026\/wp-content\/uploads\/2026\/03\/viadee-Logo-mit-Claim-Grapefruit-RGB-300x139.png 300w, https:\/\/javaforumnord.de\/2026\/wp-content\/uploads\/2026\/03\/viadee-Logo-mit-Claim-Grapefruit-RGB-1024x476.png 1024w, https:\/\/javaforumnord.de\/2026\/wp-content\/uploads\/2026\/03\/viadee-Logo-mit-Claim-Grapefruit-RGB-768x357.png 768w, https:\/\/javaforumnord.de\/2026\/wp-content\/uploads\/2026\/03\/viadee-Logo-mit-Claim-Grapefruit-RGB-1536x713.png 1536w, https:\/\/javaforumnord.de\/2026\/wp-content\/uploads\/2026\/03\/viadee-Logo-mit-Claim-Grapefruit-RGB-2048x951.png 2048w\" sizes=\"(max-width: 2560px) 100vw, 2560px\" title=\"Viadee\" alt=\"\" \t\tclass=\"so-widget-image\"\/>\n\t\t\t<\/a><\/div>\n\n<\/div><\/div><\/div><\/div><\/div><div id=\"pg-32-8\"  class=\"panel-grid panel-has-style\" ><div class=\"panel-row-style panel-row-style-for-32-8\" ><div id=\"pgc-32-8-0\"  class=\"panel-grid-cell\" ><div id=\"panel-32-8-0-0\" class=\"so-panel widget widget_text panel-first-child panel-last-child\" data-index=\"22\" >\t\t\t<div class=\"textwidget\"><p>Ebenfalls Interesse das Java Forum Nord zu unterst\u00fctzen? Dann freuen wir uns \u00fcber eine E-Mail an: <a href=\"mailto:office@javaforumnord.de\">office@javaforumnord.de<\/a><\/p>\n<\/div>\n\t\t<\/div><\/div><\/div><\/div><div id=\"pg-32-9\"  class=\"panel-grid panel-no-style\" ><div id=\"pgc-32-9-0\"  class=\"panel-grid-cell\" ><div id=\"panel-32-9-0-0\" class=\"so-panel widget widget_sow-headline panel-first-child\" data-index=\"23\" ><div\n\t\t\t\n\t\t\tclass=\"so-widget-sow-headline so-widget-sow-headline-default-85ea4ac10cbf-32\"\n\t\t\t\n\t\t><div class=\"sow-headline-container \">\n\t\t\t\t\t\t\t<h2 class=\"sow-headline\">\n\t\t\t\t\t\tSocial Media\t\t\t\t\t\t<\/h2>\n\t\t\t\t\t\t<\/div>\n<\/div><\/div><div id=\"panel-32-9-0-1\" class=\"so-panel widget widget_sow-editor panel-last-child\" data-index=\"24\" ><div\n\t\t\t\n\t\t\tclass=\"so-widget-sow-editor so-widget-sow-editor-base\"\n\t\t\t\n\t\t>\n<div class=\"siteorigin-widget-tinymce textwidget\">\n\t<p style=\"text-align: center;\">Hilf uns das Java Forum Nord bekannter zu machen... Du findest uns auch auf den folgenden Plattformen.<\/p>\n<\/div>\n<\/div><\/div><\/div><\/div><div id=\"pg-32-10\"  class=\"panel-grid panel-no-style\" ><div id=\"pgc-32-10-0\"  class=\"panel-grid-cell\" ><div id=\"panel-32-10-0-0\" class=\"so-panel widget widget_sow-image panel-first-child panel-last-child\" data-index=\"25\" ><div\n\t\t\t\n\t\t\tclass=\"so-widget-sow-image so-widget-sow-image-default-c553b159db43-32\"\n\t\t\t\n\t\t>\n<div class=\"sow-image-container\">\n\t\t\t<a href=\"https:\/\/ijug.social\/@JavaForumNord\"\n\t\t\ttarget=\"_blank\" rel=\"noopener noreferrer\" \t\t>\n\t\t\t<img \n\tsrc=\"https:\/\/javaforumnord.de\/2026\/wp-content\/uploads\/2026\/01\/Mastodon_logo_svg-150x150.png\" width=\"100\" height=\"100\" srcset=\"https:\/\/javaforumnord.de\/2026\/wp-content\/uploads\/2026\/01\/Mastodon_logo_svg-150x150.png 150w, https:\/\/javaforumnord.de\/2026\/wp-content\/uploads\/2026\/01\/Mastodon_logo_svg.png 240w\" sizes=\"(max-width: 100px) 100vw, 100px\" style=\"width: 100px; height: 100px;\" title=\"Mastodon\" alt=\"\" \t\tclass=\"so-widget-image\"\/>\n\t\t\t<\/a><\/div>\n\n<\/div><\/div><\/div><div id=\"pgc-32-10-1\"  class=\"panel-grid-cell\" ><div id=\"panel-32-10-1-0\" class=\"so-panel widget widget_sow-image panel-first-child panel-last-child\" data-index=\"26\" ><div\n\t\t\t\n\t\t\tclass=\"so-widget-sow-image so-widget-sow-image-default-1b8513c5f0f2-32\"\n\t\t\t\n\t\t>\n<div class=\"sow-image-container\">\n\t\t\t<a href=\"https:\/\/bsky.app\/profile\/javaforumnord.bsky.social\"\n\t\t\ttarget=\"_blank\" rel=\"noopener noreferrer\" \t\t>\n\t\t\t<img \n\tsrc=\"https:\/\/javaforumnord.de\/2026\/wp-content\/uploads\/2026\/01\/Bluesky_Logo.svg_-300x265.png\" width=\"113\" height=\"100\" srcset=\"https:\/\/javaforumnord.de\/2026\/wp-content\/uploads\/2026\/01\/Bluesky_Logo.svg_-300x265.png 300w, https:\/\/javaforumnord.de\/2026\/wp-content\/uploads\/2026\/01\/Bluesky_Logo.svg_.png 330w\" sizes=\"(max-width: 113px) 100vw, 113px\" style=\"width: 113px; height: 100px;\" title=\"Bluesky\" alt=\"\" \t\tclass=\"so-widget-image\"\/>\n\t\t\t<\/a><\/div>\n\n<\/div><\/div><\/div><div id=\"pgc-32-10-2\"  class=\"panel-grid-cell\" ><div id=\"panel-32-10-2-0\" class=\"so-panel widget widget_sow-image panel-first-child panel-last-child\" data-index=\"27\" ><div\n\t\t\t\n\t\t\tclass=\"so-widget-sow-image so-widget-sow-image-default-c553b159db43-32\"\n\t\t\t\n\t\t>\n<div class=\"sow-image-container\">\n\t\t\t<a href=\"https:\/\/linkedin.com\/company\/javaforumnord\"\n\t\t\ttarget=\"_blank\" rel=\"noopener noreferrer\" \t\t>\n\t\t\t<img \n\tsrc=\"https:\/\/javaforumnord.de\/2026\/wp-content\/uploads\/2026\/01\/LI-In-Bug-300x255.png\" width=\"118\" height=\"100\" srcset=\"https:\/\/javaforumnord.de\/2026\/wp-content\/uploads\/2026\/01\/LI-In-Bug-300x255.png 300w, https:\/\/javaforumnord.de\/2026\/wp-content\/uploads\/2026\/01\/LI-In-Bug.png 635w\" sizes=\"(max-width: 118px) 100vw, 118px\" style=\"width: 118px; height: 100px;\" title=\"LinkedIn\" alt=\"\" \t\tclass=\"so-widget-image\"\/>\n\t\t\t<\/a><\/div>\n\n<\/div><\/div><\/div><div id=\"pgc-32-10-3\"  class=\"panel-grid-cell\" ><div id=\"panel-32-10-3-0\" class=\"so-panel widget widget_sow-image panel-first-child panel-last-child\" data-index=\"28\" ><div\n\t\t\t\n\t\t\tclass=\"so-widget-sow-image so-widget-sow-image-default-15ae02071680-32\"\n\t\t\t\n\t\t>\n<div class=\"sow-image-container\">\n\t\t\t<a href=\"https:\/\/events.ijug.eu\/events\/bd70cae2-5250-417b-b2ef-8f8d4f2bf8b2\"\n\t\t\ttarget=\"_blank\" rel=\"noopener noreferrer\" \t\t>\n\t\t\t<img \n\tsrc=\"https:\/\/javaforumnord.de\/2026\/wp-content\/uploads\/2026\/01\/mobilizon-e1769871458850-150x150.png\" width=\"100\" height=\"100\" srcset=\"https:\/\/javaforumnord.de\/2026\/wp-content\/uploads\/2026\/01\/mobilizon-e1769871458850-150x150.png 150w, https:\/\/javaforumnord.de\/2026\/wp-content\/uploads\/2026\/01\/mobilizon-e1769871458850.png 153w\" sizes=\"(max-width: 100px) 100vw, 100px\" style=\"width: 100px; height: 100px;\" title=\"Mobilizon\" alt=\"\" \t\tclass=\"so-widget-image\"\/>\n\t\t\t<\/a><\/div>\n\n<\/div><\/div><\/div><\/div><\/div>","protected":false},"excerpt":{"rendered":"<p>Nach sechs erfolgreichen Veranstaltungen im HCC wechselt das Java Forum Nord zum dritten Mal seine Location. Wir haben klein in einem Hotel angefangen und sind inzwischen zu einem festen Bestandteil der Java Community im Norden Deutschlands und dar\u00fcber hinaus geworden. Es war uns immer ein Anliegen die Teilnahme am Java Forum Nord f\u00fcr jeden und [&hellip;]<\/p>\n","protected":false},"author":1,"featured_media":0,"parent":0,"menu_order":0,"comment_status":"closed","ping_status":"closed","template":"","meta":{"footnotes":""},"class_list":["post-32","page","type-page","status-publish","hentry","post"],"_links":{"self":[{"href":"https:\/\/javaforumnord.de\/2026\/wp-json\/wp\/v2\/pages\/32","targetHints":{"allow":["GET"]}}],"collection":[{"href":"https:\/\/javaforumnord.de\/2026\/wp-json\/wp\/v2\/pages"}],"about":[{"href":"https:\/\/javaforumnord.de\/2026\/wp-json\/wp\/v2\/types\/page"}],"author":[{"embeddable":true,"href":"https:\/\/javaforumnord.de\/2026\/wp-json\/wp\/v2\/users\/1"}],"replies":[{"embeddable":true,"href":"https:\/\/javaforumnord.de\/2026\/wp-json\/wp\/v2\/comments?post=32"}],"version-history":[{"count":32,"href":"https:\/\/javaforumnord.de\/2026\/wp-json\/wp\/v2\/pages\/32\/revisions"}],"predecessor-version":[{"id":144,"href":"https:\/\/javaforumnord.de\/2026\/wp-json\/wp\/v2\/pages\/32\/revisions\/144"}],"wp:attachment":[{"href":"https:\/\/javaforumnord.de\/2026\/wp-json\/wp\/v2\/media?parent=32"}],"curies":[{"name":"wp","href":"https:\/\/api.w.org\/{rel}","templated":true}]}}