{"id":21,"date":"2026-01-08T16:20:25","date_gmt":"2026-01-08T16:20:25","guid":{"rendered":"https:\/\/javaforumnord.de\/2026_new\/?page_id=21"},"modified":"2026-02-15T20:57:51","modified_gmt":"2026-02-15T19:57:51","slug":"history","status":"publish","type":"page","link":"https:\/\/javaforumnord.de\/2026\/history\/","title":{"rendered":"History"},"content":{"rendered":"<h2>2025 \u2013 Hannover Congress Centrum<\/h2>\n<p>Martina Staffa, Eberhard Wolff, Thorben Janssen, Arne Limburg, Roland Weisleder, Frederick Hahne, Stefan B\u00f6hringer, Jens Knipper, Fin Labusch, Niko K\u00f6bler, Alex Soto, Richard Gro\u00df, Gerrit Grunwald, Stefan Menschner, Daniel Vergien, Tom Osenberg, Michael Vitz, Liam Bergh, \u00c1lvaro S\u00e1nchez-Mariscal, Willem Jan Glerum, Jendrik Johannes, Thomas Ruhroth, Mario-Leander Reimer, Joshua T\u00f6pfer, Richard Fichtner, Oliver Drotbohm, Felix Rie\u00df, Kathrin Wegner, Sebastian Meyer, Ramona Doman, Cay Horstmann, Gabriel Winkler, Kai Schmidt, Lisa Maria Sch\u00e4fer, Magdalena Zenglein-Markert, Andreas J\u00fcrgensen<\/p>\n<h2>2024 \u2013 Hannover Congress Centrum<\/h2>\n<p>Sophia Schulze Schleithoff, Milena Fluck, Henning Schwentner, Nicolas Fr\u00e4nkel, Nils Hyoma, Sven Ruppert, Hendrik Holle, Tim de Buhr, Falk Sippach, Sascha Doemer, Kay Liewald, Sandra Parsick, Oliver Drotbohm, Eberhard Wolff, Gerrit Meier, Thomas Much, Christian G\u00fcmme, Julia Schr\u00f6der, Ren\u00e9 Schwietzke , Michael Vitz, Steven Schwenke, Arne Limburg, Sandra Warmbrunn, Karl Heinz Marbaise, Martin G\u00fcnther, Sven Menschner, Michal Harakal, Fabian Kretzer, Thorben Janssen, Pasha Finkelshteyn, Stefan Z\u00f6rner, Moritz Christopher Schmidt, Juarez Junior, Dennis Kieselhorst, Jens Schauder, Rebecca Labes, \u00c1lvaro S\u00e1nchez-Mariscal, Daniel Hartung, Lars Michaelis<\/p>\n<h2 class=\"wp-block-heading\">2023 \u2013 Hannover Congress Centrum<\/h2>\n<p>Christina Hartmann, Sandra Parsick, Alexandra Schladebeck, Arne Limburg, Bernd M\u00fcller, Christian Seedig, Dennis Kieselhorst, Dirk Weil, Eberhard Wolff, Falk Sippach, Frank D\u00fcsterbeck, Frederik Hahne, Georg Berky, Gerrit Meier, Halil-Cem G\u00fcrsoy, Henning Schwester, Isabelle Rotter, Jakob Fels, Jan Schmidt, Jan-Christoph Schlieker, Johannes Bechberger, Karl Heinz Marbaise, Kevin Wittek, Kira Naehring, Manuel Ottlik, Marc Kannegie\u00dfer, Marit van Dijk, Matthias Haeussler, Michael Kotten, Nicolai Parlog, Nicolas Fr\u00e4nkel, Nils Hyoma, Ronald Dehuysser, Roy van Rijn, Roy Wasse, Tatjana H\u00fcsch, Thilo Frotscher, Thomas Much, Thorben Janssen, Tim Winselmann<\/p>\n<h2 class=\"wp-block-heading\">2022 \u2013 Hannover Congress Centrum<\/h2>\n<p>Bert Jan Schrijver, Bj\u00f6rn Ebner, Billy Lando, Christian Rucinski, Daniel Rosowski, Falk Sippach, Frank Gerberding, Frank Pientka, Jan Weinschenker, Johannes Dienst, Kaan Sahin, Kai Schmidt, Maik Heene, Manfred Wolff, Marius Hanl, Markus Kett, Martin Lippert, Matthias Eschhold, Niko K\u00f6bler, Nils Hyoma, Oliver Drotbohm, Oliver Hock, Oliver Zeigermann, Philipp Krenn, Roland Weisleder, Sascha Doemer, Simon Martinelli, Thomas Much, Thomas Ruhroth, Tobias Ahlers, Zeb Ford-Reitz<\/p>\n<h2 class=\"wp-block-heading\">2021 \u2013 Hannover Congress Centrum<\/h2>\n<p>Alexandra Schladebeck, Lars R\u00f6wekamp, Jens Schauder, Frank Lyaruu, Johannes Schnatterer, Kaan Sahin, Dirk Weil, Stefan Z\u00f6rner, Andreas Kuehne, Johannes Dienst, Henning Schwentner, Merlin B\u00f6gershausen, Frank Pientka, Serge Bishyr, Hendrik Ebbers, Jan Stamer, Stefan Hildebrandt, Dennis Kieselhorst, Johannes Dilli, Korbinian Bernt, Falk Sippach, Nicolas Fr\u00e4nkel, Matthias Eschhold, Nils Hyoma<\/p>\n<h2 class=\"wp-block-heading\">2020 \u2013 abgesagt<\/h2>\n<h2 class=\"wp-block-heading\">2019 \u2013 Hannover Congress Centrum<\/h2>\n<p>Katharina Nocun, Adam Bien, Stephan Doerfel, Ulrich Deiters, Wolfgang Weigend, Falk Sippach, Kevin Wennemuth, Enno Runne, Jens Schauder, Torsten Kohn, Nikolaus Pohle, Oliver Zeigermann, Markus Schlichting, Philipp Krenn, Lisa Rosenberg, R\u00fcdiger Schnirring, Harald Bosch, Arne Limburg, Georg Berky, Eike Hirsch, Dirk Weil, Frank Pientka, Simon Krackr\u00fcgge, Nicolas Byl, Jan Weinschenker, Thorsten Brunzendorf, Frank Gerberding, Michael Follmann, Alex Schladebeck, Hauke Brammer, Carsten Birkelbach, Johannes Unterstein, Nicolas Fr\u00e4nkel, Stefan Birkner<\/p>\n<h2 class=\"wp-block-heading\">2018 \u2013 Dormero Hotel Hannover<\/h2>\n<p>Constanze Kurz, Oliver Gierke, Stefanie Reinicke, Jens Schauder, Kristian Kottke, J\u00f6rn Koch, Falk Sippach, Kai Waehner, Dmitrij Drandarov, Tim Riemer, Steven Schwenke, R\u00fcdiger Heins, Benjamin Brunzel, Kirsten Schneider, Max Jonas Werner, Stefan Z\u00f6rner, Arne Limburg, Christoph Engelbert, Thilo Frotscher, Gunnar Hilling, Bernd R\u00fccker, Benjamin Buchholt, Andreas Weigel, Jakob Fels, Philipp Krenn, Johannes Unterstein, Daniel Rosowski, Dr. Andreas Brunnert, Thomas Much, Andr\u00e9 Fleischer, Sarah Theilmann, R\u00fcdiger Schnirring, Dr. Carola Lilienthal<\/p>\n<h2 class=\"wp-block-heading\">2017 \u2013 Dormero Hotel Hannover<\/h2>\n<p>Stefan Tilkov, Stefan Z\u00f6rner, Oliver Zeigermann, Felicitas Pudwitz, Christoph Engelbert, Julia Dellnitz, Dominik Schadow, Thomas Much, Matthias Wessendorf, Ralf Wirdemann, Henning Schwentner, Steven Schwenke, Ch. Mennerich, J. Arras, Nicolai Parlog, Michael Wiedeking, Lars R\u00f6wekamp, Bernd M\u00fcller, Jens Schauder, Christian Mennerich, T. Winselmann, T. Garus, Bernd Bohmann, Markus Winand, Oliver Milke, Falk Sippach, Niklas Grebe, Philipp Krenn, Frank D\u00fcsterbeck, Bernd R\u00fccker, Dennis Kieselhorst, R\u00fcdiger Schnirring<\/p>\n<h2 class=\"wp-block-heading\">2016 \u2013 Dormero Hotel Hannover<\/h2>\n<p>Uwe Friedrichsen, Sabine Wojcieszak, Gerrit Meier, Dr. Carola Lilienthal, Jens Schauder, Bennet Schulz, Roger Gilliar, Rabea Gransberger, Dominik Mathmann, Dirk Dittert, Lutz H\u00fchnken, Mark Heckler, Stefan Hildebrandt, Falk Sippach, Christoph Engelbert, Philipp Krenn, Arne Limburg, Dierk K\u00f6nig, Oliver Hock, Oliver Gierke, Bernd M\u00fcller, Robert Panzer, Dominik Schadow, Rabea Gransberger, Stefan Z\u00f6rner, Anatole Tresch, Frank D\u00fcsterbeck, Nicolai Parlog, R\u00fcdiger Schnirring<\/p>\n<h2 class=\"wp-block-heading\">2015 \u2013 Andor Hotel Plaza, Hannover<\/h2>\n<p>Bernd M\u00fcller, Thorben Janssen, Florian Hopf, Henrik Ebbers, Stephane Nicoll, Nicole Rauch, Alexander Schwartz, Oliver Gierke, Wolfgang Weigend, Arno Haase, Frank Pientka, Bernd Zuther, Bennet Schulz, Gerrit Meier, Dr. Roland Kuhn, Michael Hunger, Falk Sippach, Markus Eisele, Stefan Z\u00f6rner, Bert Jan Schrijver, Johan Janssen, Pim Hazebroek, Dirk Mahler<\/p>\n","protected":false},"excerpt":{"rendered":"<p>2025 \u2013 Hannover Congress Centrum Martina Staffa, Eberhard Wolff, Thorben Janssen, Arne Limburg, Roland Weisleder, Frederick Hahne, Stefan B\u00f6hringer, Jens Knipper, Fin Labusch, Niko K\u00f6bler, Alex Soto, Richard Gro\u00df, Gerrit Grunwald, Stefan Menschner, Daniel Vergien, Tom Osenberg, Michael Vitz, Liam Bergh, \u00c1lvaro S\u00e1nchez-Mariscal, Willem Jan Glerum, Jendrik Johannes, Thomas Ruhroth, Mario-Leander Reimer, Joshua T\u00f6pfer, Richard [&hellip;]<\/p>\n","protected":false},"author":1,"featured_media":0,"parent":0,"menu_order":0,"comment_status":"closed","ping_status":"closed","template":"","meta":{"footnotes":""},"class_list":["post-21","page","type-page","status-publish","hentry","post"],"_links":{"self":[{"href":"https:\/\/javaforumnord.de\/2026\/wp-json\/wp\/v2\/pages\/21","targetHints":{"allow":["GET"]}}],"collection":[{"href":"https:\/\/javaforumnord.de\/2026\/wp-json\/wp\/v2\/pages"}],"about":[{"href":"https:\/\/javaforumnord.de\/2026\/wp-json\/wp\/v2\/types\/page"}],"author":[{"embeddable":true,"href":"https:\/\/javaforumnord.de\/2026\/wp-json\/wp\/v2\/users\/1"}],"replies":[{"embeddable":true,"href":"https:\/\/javaforumnord.de\/2026\/wp-json\/wp\/v2\/comments?post=21"}],"version-history":[{"count":4,"href":"https:\/\/javaforumnord.de\/2026\/wp-json\/wp\/v2\/pages\/21\/revisions"}],"predecessor-version":[{"id":147,"href":"https:\/\/javaforumnord.de\/2026\/wp-json\/wp\/v2\/pages\/21\/revisions\/147"}],"wp:attachment":[{"href":"https:\/\/javaforumnord.de\/2026\/wp-json\/wp\/v2\/media?parent=21"}],"curies":[{"name":"wp","href":"https:\/\/api.w.org\/{rel}","templated":true}]}}