{"id":18,"date":"2026-01-08T16:11:15","date_gmt":"2026-01-08T16:11:15","guid":{"rendered":"https:\/\/javaforumnord.de\/2026_new\/?page_id=18"},"modified":"2026-03-08T13:21:59","modified_gmt":"2026-03-08T12:21:59","slug":"faq","status":"publish","type":"page","link":"https:\/\/javaforumnord.de\/2026\/faq\/","title":{"rendered":"FAQ"},"content":{"rendered":"\n<h4 class=\"wp-block-heading\">Kontakt<\/h4>\n\n\n\n<p>EMail: office@javaforumnord.de <br>Telefon: +49 160 8404155<\/p>\n\n\n\n<h4 class=\"wp-block-heading\">Zeitlicher Ablauf<\/h4>\n\n\n\n<p>08:00 Einlass<br>09:00 Er\u00f6ffnungskeynote<br>10:00 -16:00 st\u00fcndlich mehrere Vortr\u00e4ge parallel, eventuell Workshops<br>17:00 Abschlusskeynote<br>ab 18:00 voraussichtlich Social Event<\/p>\n\n\n\n<h4 class=\"wp-block-heading\">Termine 2026<\/h4>\n\n\n\n<p>Fr\u00fchbuchertickets sind ab dem 5. M\u00e4rz erh\u00e4ltlich.<br>Der Call for Papers startet am 10. M\u00e4rz 2026 und l\u00e4uft bis zum 5. Mai.<\/p>\n\n\n\n<h4 class=\"wp-block-heading\">Barrierefreiheit auf dem Java Forum Nord<\/h4>\n\n\n\n<p>Das Java Forum Nord findet in diesem Jahr zum ersten Mal im MHH statt. Wir sind noch dabei die Informationen zum barrierefreien  Zugang zu dem Veranstaltungsr\u00e4umen zusammenzutragen und werden die Information hier aktualisieren. <\/p>\n\n\n\n<h4 class=\"wp-block-heading\">Anreise mit \u00f6ffentlichen Verkehrsmitteln<\/h4>\n\n\n\n<p>Informationen zur Anreise werden in K\u00fcrze hier ver\u00f6ffentlicht.<\/p>\n\n\n\n<h4 class=\"wp-block-heading\">Anreise mit dem Auto<\/h4>\n\n\n\n<p>Informationen zur Anreise werden in K\u00fcrze hier ver\u00f6ffentlicht.<\/p>\n\n\n\n<h4 class=\"wp-block-heading\">Verpflegung<\/h4>\n\n\n\n<p>Gute Verpflegung w\u00e4hrend der Konferenz war uns bei der Planung in den vergangenen Jahren immer wichtig. Das wird sich auch in diesem Jahr an der neuen Location nicht \u00e4ndern.<\/p>\n\n\n\n<h4 class=\"wp-block-heading\">Anmeldungen<\/h4>\n\n\n\n<p>Eine Tageskasse wird es nicht geben. Falls Sie mehr als ein Ticket ordern, erfolgt die Abfrage der Personendaten nach Aufforderung nach Begleichung der Rechnung. F\u00fcr je 10 bezahlte Tickets, erhalten Sie ein Freiticket. Bestellen Sie so viele Tickets, wie Sie bekommen m\u00f6chten. Die Freitickets werden bei der Berechnung des Endbetrages automatisch ber\u00fccksichtigt.<\/p>\n\n\n\n<h4 class=\"wp-block-heading\">Tickets f\u00fcr Studierende und Auszubildende<\/h4>\n\n\n\n<p>F\u00fcr die Beitragsart Studierender gelten besondere Bedingungen: Es muss nach der Anmeldung unaufgefordert ein Scan eines Studentenausweises einer deutschen Pr\u00e4senzhochschule bzw. einer Schulbescheinigung an office@javaforumnord.de geschickt werden.<\/p>\n\n\n\n<h4 class=\"wp-block-heading\">Rechnungen<\/h4>\n\n\n\n<p>Die Rechnungen f\u00fcr die Fr\u00fchbuchertickets werden ab Mitte Mai verschickt und sind nach Erhalt mit einer Zahlungsfrist von 14 Tagen per \u00dcberweisung zu zahlen. Nicht bezahlte Tickets werden wieder freigegeben. Die Buchung wird dann storniert.<\/p>\n\n\n\n<h4 class=\"wp-block-heading\">\u00c4nderung der Rechnungsadresse<\/h4>\n\n\n\n<p>Die Ticketpreise sind knapp kalkuliert und mit dem Dienstleister sind keine grossz\u00fcgigen Pauschalen vereinbart. Eine \u00c4nderung der Rechnungsadresse bedeutet Aufwand. Deshalb wird eine Bearbeitungsgeb\u00fchr von 10 Euro f\u00e4llig, die separat in Rechnung gestellt wird.<\/p>\n\n\n\n<h4 class=\"wp-block-heading\">Namensbindung der Tickets, Teilnahmebescheinigungen<\/h4>\n\n\n\n<p>Die Tickets k\u00f6nnen an Personen mit gleichem Status weitergegeben werden. Die Namensbindung erfolgt Mitte September, da danach die Namensschilder und die Teilnahmebescheinigungen gedruckt werden. Solange wir keine neue Rechnung schreiben m\u00fcssen, entstehen keine Geb\u00fchren.<\/p>\n\n\n\n<h4 class=\"wp-block-heading\">R\u00fcckgabe von Tickets<\/h4>\n\n\n\n<p>Eine R\u00fcckgabe ist aus beliebigen Gr\u00fcnden jederzeit m\u00f6glich. Bezahlte Betr\u00e4ge werden abz\u00fcglich einer Bearbeitungsgeb\u00fchr von 30 Euro erstattet. <\/p>\n\n\n\n<h4 class=\"wp-block-heading\">Versand der Tickets<\/h4>\n\n\n\n<p>Der Versand der Tickets erfolgt per Email Mitte September.<\/p>\n\n\n\n<h4 class=\"wp-block-heading\">Detailprogramm<\/h4>\n\n\n\n<p>Das Detailprogramm mit Aufteilung der Vortr\u00e4ge auf die R\u00e4ume wird Mitte September nach einer Umfrage unter den bis dahin angemeldeten TeilnehmerInnen festgelegt. \u00a0<\/p>\n","protected":false},"excerpt":{"rendered":"<p>Kontakt EMail: office@javaforumnord.de Telefon: +49 160 8404155 Zeitlicher Ablauf 08:00 Einlass09:00 Er\u00f6ffnungskeynote10:00 -16:00 st\u00fcndlich mehrere Vortr\u00e4ge parallel, eventuell Workshops17:00 Abschlusskeynoteab 18:00 voraussichtlich Social Event Termine 2026 Fr\u00fchbuchertickets sind ab dem 5. M\u00e4rz erh\u00e4ltlich.Der Call for Papers startet am 10. M\u00e4rz 2026 und l\u00e4uft bis zum 5. Mai. Barrierefreiheit auf dem Java Forum Nord Das Java [&hellip;]<\/p>\n","protected":false},"author":1,"featured_media":0,"parent":0,"menu_order":0,"comment_status":"closed","ping_status":"closed","template":"","meta":{"footnotes":""},"class_list":["post-18","page","type-page","status-publish","hentry","post"],"_links":{"self":[{"href":"https:\/\/javaforumnord.de\/2026\/wp-json\/wp\/v2\/pages\/18","targetHints":{"allow":["GET"]}}],"collection":[{"href":"https:\/\/javaforumnord.de\/2026\/wp-json\/wp\/v2\/pages"}],"about":[{"href":"https:\/\/javaforumnord.de\/2026\/wp-json\/wp\/v2\/types\/page"}],"author":[{"embeddable":true,"href":"https:\/\/javaforumnord.de\/2026\/wp-json\/wp\/v2\/users\/1"}],"replies":[{"embeddable":true,"href":"https:\/\/javaforumnord.de\/2026\/wp-json\/wp\/v2\/comments?post=18"}],"version-history":[{"count":5,"href":"https:\/\/javaforumnord.de\/2026\/wp-json\/wp\/v2\/pages\/18\/revisions"}],"predecessor-version":[{"id":118,"href":"https:\/\/javaforumnord.de\/2026\/wp-json\/wp\/v2\/pages\/18\/revisions\/118"}],"wp:attachment":[{"href":"https:\/\/javaforumnord.de\/2026\/wp-json\/wp\/v2\/media?parent=18"}],"curies":[{"name":"wp","href":"https:\/\/api.w.org\/{rel}","templated":true}]}}