{"id":212,"date":"2025-06-05T16:37:57","date_gmt":"2025-06-05T16:37:57","guid":{"rendered":"https:\/\/javaforumnord.de\/2025\/?page_id=212"},"modified":"2025-06-05T16:39:37","modified_gmt":"2025-06-05T16:39:37","slug":"speaker","status":"publish","type":"page","link":"https:\/\/javaforumnord.de\/2025\/speaker\/","title":{"rendered":"Speaker"},"content":{"rendered":"\n<p>Wir freuen uns die folgenden Speaker beim Java Forum Nord 2025 begr\u00fc\u00dfen zu d\u00fcrfen.<\/p>\n\n\n\n<p><\/p>\n\n\n\n<p><\/p>\n\n\n<script type=\"text\/javascript\" src=\"https:\/\/sessionize.com\/api\/v2\/c6lf0o17\/view\/SpeakerWall\"><\/script>\r\n","protected":false},"excerpt":{"rendered":"<p>Wir freuen uns die folgenden Speaker beim Java Forum Nord 2025 begr\u00fc\u00dfen zu d\u00fcrfen.<\/p>\n","protected":false},"author":1,"featured_media":0,"parent":0,"menu_order":0,"comment_status":"closed","ping_status":"closed","template":"","meta":{"footnotes":""},"class_list":["post-212","page","type-page","status-publish","hentry","post"],"_links":{"self":[{"href":"https:\/\/javaforumnord.de\/2025\/wp-json\/wp\/v2\/pages\/212","targetHints":{"allow":["GET"]}}],"collection":[{"href":"https:\/\/javaforumnord.de\/2025\/wp-json\/wp\/v2\/pages"}],"about":[{"href":"https:\/\/javaforumnord.de\/2025\/wp-json\/wp\/v2\/types\/page"}],"author":[{"embeddable":true,"href":"https:\/\/javaforumnord.de\/2025\/wp-json\/wp\/v2\/users\/1"}],"replies":[{"embeddable":true,"href":"https:\/\/javaforumnord.de\/2025\/wp-json\/wp\/v2\/comments?post=212"}],"version-history":[{"count":3,"href":"https:\/\/javaforumnord.de\/2025\/wp-json\/wp\/v2\/pages\/212\/revisions"}],"predecessor-version":[{"id":215,"href":"https:\/\/javaforumnord.de\/2025\/wp-json\/wp\/v2\/pages\/212\/revisions\/215"}],"wp:attachment":[{"href":"https:\/\/javaforumnord.de\/2025\/wp-json\/wp\/v2\/media?parent=212"}],"curies":[{"name":"wp","href":"https:\/\/api.w.org\/{rel}","templated":true}]}}