{"id":124,"date":"2025-03-19T20:35:23","date_gmt":"2025-03-19T20:35:23","guid":{"rendered":"https:\/\/javaforumnord.de\/2025\/?page_id=124"},"modified":"2025-03-19T20:46:18","modified_gmt":"2025-03-19T20:46:18","slug":"faq","status":"publish","type":"page","link":"https:\/\/javaforumnord.de\/2025\/faq\/","title":{"rendered":"FAQ"},"content":{"rendered":"\n<h4 class=\"wp-block-heading\">Kontakt<\/h4>\n\n\n\n<p>EMail: office@javaforumnord.de <br>Telefon: +49 160 8404155<\/p>\n\n\n\n<h4 class=\"wp-block-heading\">Zeitlicher Ablauf<\/h4>\n\n\n\n<p>08:00 Einlass<br>09:00 Er\u00f6ffnungskeynote<br>10:00-16:00 st\u00fcndlich mehrere Vortr\u00e4ge parallel, eventuell Workshops<br>17:00 Abschlusskeynote<br>ab 18:00 voraussichtlich Social Event <\/p>\n\n\n\n<h4 class=\"wp-block-heading\">Termine 2025<\/h4>\n\n\n\n<p>Fr\u00fchbuchertickets sind ab dem 31. M\u00e4rz erh\u00e4ltlich.<br>Der Call for Papers startet am 24. M\u00e4rz 2025 und l\u00e4uft bis Mitte Mai.<\/p>\n\n\n\n<h4 class=\"wp-block-heading\">Barrierefreiheit auf dem Java Forum Nord<\/h4>\n\n\n\n<p>Alle Vortragsr\u00e4ume sind barrierefrei zug\u00e4nglich. Das HCC informiert auf seiner Webseite unter\n<a href=\"https:\/\/www.hcc.de\/de\/besucher\/barrierefrei\/\" target=\"_blank\" rel=\"noreferrer noopener\">https:\/\/www.hcc.de\/de\/besucher\/barrierefrei\/<\/a><a>&nbsp;<\/a>ausf\u00fchrlich \u00fcber Behindertenparkpl\u00e4tze und nutzbare Eing\u00e4nge. Alle Ortsunkundigen die mit \u00f6ffentlichen Verkehrsmitteln anreisen, m\u00f6chten wir desweiteren noch auf die Hinweise der Hannoverschen Verkehrsbetriebe \u00dcSTRA unter&nbsp;<a href=\"https:\/\/www.uestra.de\/kundenservice\/barrierefreie-uestra\/\" target=\"_blank\" rel=\"noreferrer noopener\">https:\/\/www.uestra.de\/kundenservice\/barrierefreie-uestra\/<\/a>&nbsp;aufmerksam machen.<\/p>\n\n\n\n<h4 class=\"wp-block-heading\">Anreise mit \u00f6ffentlichen Verkehrsmitteln<\/h4>\n\n\n\n<p>Ab Hauptbahnhof mit der Buslinie 128 oder 134 Richtung Peiner Stra\u00dfe direkt bis zum Hannover Congress Centrum\noder ab Kr\u00f6pcke mit der Stadtbahn Linie 11 (Zoo) bis Hannover Congress Centrum<\/p>\n\n\n\n<h4 class=\"wp-block-heading\">Anreise mit dem Auto<\/h4>\n\n\n\n<p>Aus Richtung S\u00fcden\nauf der BAB A7 bis Autobahndreieck Hannover-S\u00fcd \u00fcber die A37\/ Messeschnellweg bis zur Ausfahrt H.-Kleefeld. Links abbiegen, an der 1. Ampel wieder rechts in die Clausewitzstra\u00dfe. Parkplatz: Schackstra\u00dfe oder Parkhaus am HCC.<\/p>\n\n\n\n<p>Aus Richtung Norden\nauf der BAB A7 bis Autobahnkreuz Hannover-Kirchhorst, weiter \u00fcber die A37\/ Messeschnellweg. An der Ausfahrt H.-Kleefeld rechts, 1. Ampel wieder rechts in die Clausewitzstra\u00dfe. Parkplatz: Schackstra\u00dfe oder Parkhaus am HCC.<\/p>\n\n\n\n<p>Aus Richtung Osten\nauf der BAB A2 \u00fcber Autobahnkreuz Hannover-Ost bis Autobahnkreuz HannoverBuchholz. Weiter \u00fcber die A37\/ Messeschnellweg. An der Ausfahrt H.-Kleefeld rechts, 1. Ampel wieder rechts in die Clausewitzstra\u00dfe. Parkplatz: Schackstra\u00dfe oder Parkhaus am HCC.<\/p>\n\n\n\n<p>Aus Richtung Westen\nauf der BAB A2 bis Autobahnkreuz Hannover-Buchholz rechts Richtung Hannover \u00fcber die A37\/ Messeschnellweg. An der Ausfahrt H.-Kleefeld rechts, 1. Ampel wieder rechts in die Clausewitzstra\u00dfe. Parkplatz: Schackstra\u00dfe oder Parkhaus am HCC.<\/p>\n\n\n\n<h4 class=\"wp-block-heading\">Verpflegung<\/h4>\n\n\n\n<p>Gute Verpflegung w\u00e4hrend der Konferenz war uns bei der Planung in den vergangenen Jahren immer wichtig. Das wird sich auch in diesem Jahr nicht \u00e4ndern.<\/p>\n\n\n\n<h4 class=\"wp-block-heading\">Anmeldungen<\/h4>\n\n\n\n<p>Eine Tageskasse wird es nicht geben. Falls Sie mehr als ein Ticket ordern, erfolgt die Abfrage der Personendaten nach Aufforderung nach Begleichung der Rechnung. F\u00fcr je 10 bezahlte Tickets, erhalten Sie ein Freiticket. Bestellen Sie so viele Tickets, wie Sie bekommen wollen. Die Freitickets werden bei der Berechnung des Endbetrages automatisch ber\u00fccksichtigt.<\/p>\n\n\n\n<h4 class=\"wp-block-heading\">Tickets f\u00fcr Studierende und Auszubildende<\/h4>\n\n\n\n<p>F\u00fcr die Beitragsart Studierender gelten besondere Bedingungen: Es muss nach der Anmeldung unaufgefordert ein Scan eines Studentenausweises einer deutschen Pr\u00e4senzhochschule bzw. einer Schulbescheinigung an office@javaforumnord.de geschickt werden.<\/p>\n\n\n\n<h4 class=\"wp-block-heading\">Rechnungen<\/h4>\n\n\n\n<p>Die Rechnungen f\u00fcr die Fr\u00fchbuchertickets werden ab Mitte Mai verschickt und sind nach Erhalt mit einer Zahlungsfrist von 14 Tagen per \u00dcberweisung zu zahlen. Nicht bezahlte Tickets werden wieder freigegeben. Die Buchung wird storniert.<\/p>\n\n\n\n<h4 class=\"wp-block-heading\">\u00c4nderung der Rechnungsadresse<\/h4>\n\n\n\n<p>Die Ticketpreise sind knapp kalkuliert und mit dem Dienstleister sind keine grossz\u00fcgigen Pauschalen vereinbart. Eine \u00c4nderung der Rechnungsadresse bedeutet Aufwand. Deshalb wird eine Bearbeitungsgeb\u00fchr von 10 Euro f\u00e4llig, die separat in Rechnung gestellt wird.<\/p>\n\n\n\n<h4 class=\"wp-block-heading\">Namensbindung der Tickets, Teilnahmebescheinigungen<\/h4>\n\n\n\n<p>Die Tickets k\u00f6nnen an Personen mit gleichem Status weitergegeben werden. Die Namensbindung erfolgt Anfang September, da danach die Namensschilder und die Teilnahmebescheinigungen gedruckt werden. Solange wir keine neue Rechnung schreiben m\u00fcssen, entstehen keine Geb\u00fchren.<\/p>\n\n\n\n<h4 class=\"wp-block-heading\">R\u00fcckgabe von Tickets<\/h4>\n\n\n\n<p>Eine R\u00fcckgabe ist aus&nbsp;<strong>gesundheitlichen<\/strong>&nbsp;Gr\u00fcnden jederzeit m\u00f6glich. Bezahlte Betr\u00e4ge werden zur\u00fcckerstattet.<\/p>\n\n\n\n<h4 class=\"wp-block-heading\">Versand der Tickets<\/h4>\n\n\n\n<p>Der Versand der Tickets erfolgt per Email Anfang September.<\/p>\n\n\n\n<h4 class=\"wp-block-heading\">Detailprogramm<\/h4>\n\n\n\n<p>Das Detailprogramm mit Aufteilung der Vortr\u00e4ge auf die R\u00e4ume wird Anfang September nach einer Umfrage unter den bis dahin angemeldeten TeilnehmerInnen festgelegt.\n\n&nbsp;<\/p>\n","protected":false},"excerpt":{"rendered":"<p>Kontakt EMail: office@javaforumnord.de Telefon: +49 160 8404155 Zeitlicher Ablauf 08:00 Einlass09:00 Er\u00f6ffnungskeynote10:00-16:00 st\u00fcndlich mehrere Vortr\u00e4ge parallel, eventuell Workshops17:00 Abschlusskeynoteab 18:00 voraussichtlich Social Event Termine 2025 Fr\u00fchbuchertickets sind ab dem 31. M\u00e4rz erh\u00e4ltlich.Der Call for Papers startet am 24. M\u00e4rz 2025 und l\u00e4uft bis Mitte Mai. Barrierefreiheit auf dem Java Forum Nord Alle Vortragsr\u00e4ume sind barrierefrei [&hellip;]<\/p>\n","protected":false},"author":1,"featured_media":0,"parent":0,"menu_order":0,"comment_status":"closed","ping_status":"closed","template":"","meta":{"footnotes":""},"class_list":["post-124","page","type-page","status-publish","hentry","post"],"_links":{"self":[{"href":"https:\/\/javaforumnord.de\/2025\/wp-json\/wp\/v2\/pages\/124","targetHints":{"allow":["GET"]}}],"collection":[{"href":"https:\/\/javaforumnord.de\/2025\/wp-json\/wp\/v2\/pages"}],"about":[{"href":"https:\/\/javaforumnord.de\/2025\/wp-json\/wp\/v2\/types\/page"}],"author":[{"embeddable":true,"href":"https:\/\/javaforumnord.de\/2025\/wp-json\/wp\/v2\/users\/1"}],"replies":[{"embeddable":true,"href":"https:\/\/javaforumnord.de\/2025\/wp-json\/wp\/v2\/comments?post=124"}],"version-history":[{"count":5,"href":"https:\/\/javaforumnord.de\/2025\/wp-json\/wp\/v2\/pages\/124\/revisions"}],"predecessor-version":[{"id":135,"href":"https:\/\/javaforumnord.de\/2025\/wp-json\/wp\/v2\/pages\/124\/revisions\/135"}],"wp:attachment":[{"href":"https:\/\/javaforumnord.de\/2025\/wp-json\/wp\/v2\/media?parent=124"}],"curies":[{"name":"wp","href":"https:\/\/api.w.org\/{rel}","templated":true}]}}