{"id":12,"date":"2025-02-02T18:23:40","date_gmt":"2025-02-02T18:23:40","guid":{"rendered":"https:\/\/javaforumnord.de\/2025\/?page_id=12"},"modified":"2025-09-16T05:37:28","modified_gmt":"2025-09-16T05:37:28","slug":"java-forum-nord-2025","status":"publish","type":"page","link":"https:\/\/javaforumnord.de\/2025\/","title":{"rendered":"Java Forum Nord 2025"},"content":{"rendered":"<div id=\"pl-12\"  class=\"panel-layout\" ><div id=\"pg-12-0\"  class=\"panel-grid panel-has-style\" ><div class=\"so-parallax siteorigin-panels-stretch panel-row-style panel-row-style-for-12-0\" data-stretch-type=\"full\" ><img fetchpriority=\"high\" decoding=\"async\" width=\"2500\" height=\"1401\" src=\"https:\/\/javaforumnord.de\/2025\/wp-content\/uploads\/2025\/02\/20240910141751-shi-M6-IMG_2115.jpg\" class=\"attachment-full size-full\" alt=\"\" data-siteorigin-parallax=\"true\" loading=\"eager\" style=\"opacity: 0.50;\" srcset=\"https:\/\/javaforumnord.de\/2025\/wp-content\/uploads\/2025\/02\/20240910141751-shi-M6-IMG_2115.jpg 2500w, https:\/\/javaforumnord.de\/2025\/wp-content\/uploads\/2025\/02\/20240910141751-shi-M6-IMG_2115-300x168.jpg 300w, https:\/\/javaforumnord.de\/2025\/wp-content\/uploads\/2025\/02\/20240910141751-shi-M6-IMG_2115-1024x574.jpg 1024w, https:\/\/javaforumnord.de\/2025\/wp-content\/uploads\/2025\/02\/20240910141751-shi-M6-IMG_2115-768x430.jpg 768w, https:\/\/javaforumnord.de\/2025\/wp-content\/uploads\/2025\/02\/20240910141751-shi-M6-IMG_2115-1536x861.jpg 1536w, https:\/\/javaforumnord.de\/2025\/wp-content\/uploads\/2025\/02\/20240910141751-shi-M6-IMG_2115-2048x1148.jpg 2048w\" sizes=\"(max-width: 2500px) 100vw, 2500px\" \/><div id=\"pgc-12-0-0\"  class=\"panel-grid-cell\" ><div id=\"panel-12-0-0-0\" class=\"so-panel widget widget_sow-image panel-first-child panel-last-child\" data-index=\"0\" ><div\n\t\t\t\n\t\t\tclass=\"so-widget-sow-image so-widget-sow-image-default-8b5b6f678277-12\"\n\t\t\t\n\t\t>\n<div class=\"sow-image-container\">\n\t\t<img \n\tsrc=\"https:\/\/javaforumnord.de\/2025\/wp-content\/uploads\/2025\/02\/logo2025.png\" width=\"749\" height=\"593\" srcset=\"https:\/\/javaforumnord.de\/2025\/wp-content\/uploads\/2025\/02\/logo2025.png 749w, https:\/\/javaforumnord.de\/2025\/wp-content\/uploads\/2025\/02\/logo2025-300x238.png 300w\" sizes=\"(max-width: 749px) 100vw, 749px\" alt=\"\" \t\tclass=\"so-widget-image\"\/>\n\t<\/div>\n\n<\/div><\/div><\/div><div id=\"pgc-12-0-1\"  class=\"panel-grid-cell\" ><div id=\"panel-12-0-1-0\" class=\"so-panel widget widget_sow-headline panel-first-child panel-last-child\" data-index=\"1\" ><div\n\t\t\t\n\t\t\tclass=\"so-widget-sow-headline so-widget-sow-headline-default-e8c3dc3ffbad-12\"\n\t\t\t\n\t\t><div class=\"sow-headline-container \">\n\t\t\t\t\t\t\t<h2 class=\"sow-headline\">\n\t\t\t\t\t\tJava Forum Nord 2025\t\t\t\t\t\t<\/h2>\n\t\t\t\t\t\t\t\t\t\t\t<div class=\"decoration\">\n\t\t\t\t\t\t<div class=\"decoration-inside\"><\/div>\n\t\t\t\t\t<\/div>\n\t\t\t\t\t\t\t\t\t\t\t<h3 class=\"sow-sub-headline\">\n\t\t\t\t\t\tDienstag, 16. September 2025 im HCC in Hannover\t\t\t\t\t\t<\/h3>\n\t\t\t\t\t\t<\/div>\n<\/div><\/div><\/div><\/div><\/div><div id=\"pg-12-1\"  class=\"panel-grid panel-no-style\" ><div id=\"pgc-12-1-0\"  class=\"panel-grid-cell panel-grid-cell-empty\" ><\/div><div id=\"pgc-12-1-1\"  class=\"panel-grid-cell panel-grid-cell-mobile-last\" ><div class=\"panel-cell-style panel-cell-style-for-12-1-1\" ><div id=\"panel-12-1-1-0\" class=\"so-panel widget widget_sow-headline panel-first-child panel-last-child\" data-index=\"2\" ><div\n\t\t\t\n\t\t\tclass=\"so-widget-sow-headline so-widget-sow-headline-default-31376bb7975e-12 so-widget-fittext-wrapper\"\n\t\t\t data-fit-text-compressor=\"0.85\"\n\t\t><div class=\"sow-headline-container \">\n\t\t\t\t\t\t\t<h2 class=\"sow-headline\">\n\t\t\t\t\t\tDie Community Konferenz der Java User Groups aus dem Norden\t\t\t\t\t\t<\/h2>\n\t\t\t\t\t\t<\/div>\n<\/div><\/div><\/div><\/div><div id=\"pgc-12-1-2\"  class=\"panel-grid-cell panel-grid-cell-empty\" ><\/div><\/div><div id=\"pg-12-2\"  class=\"panel-grid panel-no-style\" ><div id=\"pgc-12-2-0\"  class=\"panel-grid-cell\" ><div id=\"panel-12-2-0-0\" class=\"so-panel widget widget_sow-editor panel-first-child\" data-index=\"3\" ><div\n\t\t\t\n\t\t\tclass=\"so-widget-sow-editor so-widget-sow-editor-base\"\n\t\t\t\n\t\t>\n<div class=\"siteorigin-widget-tinymce textwidget\">\n\t<p style=\"text-align: center;\">Opening Keynote<\/p>\n<h4 style=\"text-align: center;\"><strong>Martina Staffa<\/strong><\/h4>\n<p style=\"text-align: center;\">Software Engineer @ shopware AG<\/p>\n<\/div>\n<\/div><\/div><div id=\"panel-12-2-0-1\" class=\"so-panel widget widget_sow-image panel-last-child\" data-index=\"4\" ><div\n\t\t\t\n\t\t\tclass=\"so-widget-sow-image so-widget-sow-image-default-fd4aac057afc-12\"\n\t\t\t\n\t\t>\n<div class=\"sow-image-container\">\n\t\t<img \n\tsrc=\"https:\/\/javaforumnord.de\/2025\/wp-content\/uploads\/2025\/03\/Martina-Staffa_SW103505-280x300.jpg\" width=\"280\" height=\"300\" srcset=\"https:\/\/javaforumnord.de\/2025\/wp-content\/uploads\/2025\/03\/Martina-Staffa_SW103505-280x300.jpg 280w, https:\/\/javaforumnord.de\/2025\/wp-content\/uploads\/2025\/03\/Martina-Staffa_SW103505-957x1024.jpg 957w, https:\/\/javaforumnord.de\/2025\/wp-content\/uploads\/2025\/03\/Martina-Staffa_SW103505-768x822.jpg 768w, https:\/\/javaforumnord.de\/2025\/wp-content\/uploads\/2025\/03\/Martina-Staffa_SW103505-1436x1536.jpg 1436w, https:\/\/javaforumnord.de\/2025\/wp-content\/uploads\/2025\/03\/Martina-Staffa_SW103505-1914x2048.jpg 1914w\" sizes=\"(max-width: 280px) 100vw, 280px\" alt=\"\" \t\tclass=\"so-widget-image\"\/>\n\t<\/div>\n\n<\/div><\/div><\/div><div id=\"pgc-12-2-1\"  class=\"panel-grid-cell\" ><div id=\"panel-12-2-1-0\" class=\"so-panel widget widget_sow-editor panel-first-child\" data-index=\"5\" ><div\n\t\t\t\n\t\t\tclass=\"so-widget-sow-editor so-widget-sow-editor-base\"\n\t\t\t\n\t\t>\n<div class=\"siteorigin-widget-tinymce textwidget\">\n\t<p style=\"text-align: center;\">Closing Keynote<\/p>\n<h4 style=\"text-align: center;\"><strong>Eberhard Wolff<\/strong><\/h4>\n<p style=\"text-align: center;\">Head of Architecture @ SWAGLab<\/p>\n<\/div>\n<\/div><\/div><div id=\"panel-12-2-1-1\" class=\"so-panel widget widget_sow-image panel-last-child\" data-index=\"6\" ><div\n\t\t\t\n\t\t\tclass=\"so-widget-sow-image so-widget-sow-image-default-fd4aac057afc-12\"\n\t\t\t\n\t\t>\n<div class=\"sow-image-container\">\n\t\t<img \n\tsrc=\"https:\/\/javaforumnord.de\/2025\/wp-content\/uploads\/2025\/08\/EW_Portrait_Square-300x300.jpeg\" width=\"300\" height=\"300\" srcset=\"https:\/\/javaforumnord.de\/2025\/wp-content\/uploads\/2025\/08\/EW_Portrait_Square-300x300.jpeg 300w, https:\/\/javaforumnord.de\/2025\/wp-content\/uploads\/2025\/08\/EW_Portrait_Square-1024x1024.jpeg 1024w, https:\/\/javaforumnord.de\/2025\/wp-content\/uploads\/2025\/08\/EW_Portrait_Square-150x150.jpeg 150w, https:\/\/javaforumnord.de\/2025\/wp-content\/uploads\/2025\/08\/EW_Portrait_Square-768x768.jpeg 768w, https:\/\/javaforumnord.de\/2025\/wp-content\/uploads\/2025\/08\/EW_Portrait_Square-1536x1536.jpeg 1536w, https:\/\/javaforumnord.de\/2025\/wp-content\/uploads\/2025\/08\/EW_Portrait_Square-500x500.jpeg 500w, https:\/\/javaforumnord.de\/2025\/wp-content\/uploads\/2025\/08\/EW_Portrait_Square.jpeg 1667w\" sizes=\"(max-width: 300px) 100vw, 300px\" alt=\"\" \t\tclass=\"so-widget-image\"\/>\n\t<\/div>\n\n<\/div><\/div><\/div><\/div><div id=\"pg-12-3\"  class=\"panel-grid panel-has-style\" ><div class=\"so-rounded siteorigin-panels-stretch panel-row-style panel-row-style-for-12-3\" data-stretch-type=\"full\" ><div id=\"pgc-12-3-0\"  class=\"panel-grid-cell\" ><div id=\"panel-12-3-0-0\" class=\"so-panel widget widget_sow-headline panel-first-child panel-last-child\" data-index=\"7\" ><div\n\t\t\t\n\t\t\tclass=\"so-widget-sow-headline so-widget-sow-headline-default-85ea4ac10cbf-12\"\n\t\t\t\n\t\t><div class=\"sow-headline-container \">\n\t\t\t\t\t\t\t<h2 class=\"sow-headline\">\n\t\t\t\t\t\tTickets verf\u00fcgbar\t\t\t\t\t\t<\/h2>\n\t\t\t\t\t\t<\/div>\n<\/div><\/div><\/div><\/div><\/div><div id=\"pg-12-4\"  class=\"panel-grid panel-has-style\" ><div class=\"siteorigin-panels-stretch panel-row-style panel-row-style-for-12-4\" data-stretch-type=\"full\" ><div id=\"pgc-12-4-0\"  class=\"panel-grid-cell\" ><div id=\"panel-12-4-0-0\" class=\"so-panel widget widget_text panel-first-child\" data-index=\"8\" >\t\t\t<div class=\"textwidget\"><p>Jetzt Tickets sichern. Auch in diesem Jahr gibt es verg\u00fcnstigte Tickets f\u00fcr Studentinnen und Studenten und Rabatte f\u00fcr Mitglieder von Java User Groups.<\/p>\n<\/div>\n\t\t<\/div><div id=\"panel-12-4-0-1\" class=\"so-panel widget widget_sow-button panel-last-child\" data-index=\"9\" ><div class=\"panel-widget-style panel-widget-style-for-12-4-0-1\" ><div\n\t\t\t\n\t\t\tclass=\"so-widget-sow-button so-widget-sow-button-flat-a993cadd8b79-12\"\n\t\t\t\n\t\t><div class=\"ow-button-base ow-button-align-center\"\n>\n\t\t\t<a\n\t\t\t\t\thref=\"https:\/\/javaforumnord.de\/2025\/tickets\/\"\n\t\t\t\t\tclass=\"sowb-button ow-icon-placement-left ow-button-hover\" \t>\n\t\t<span>\n\t\t\t\n\t\t\tTickets sichern!\t\t<\/span>\n\t\t\t<\/a>\n\t<\/div>\n<\/div><\/div><\/div><\/div><\/div><\/div><div id=\"pg-12-5\"  class=\"panel-grid panel-has-style\" ><div class=\"so-rounded siteorigin-panels-stretch panel-row-style panel-row-style-for-12-5\" data-stretch-type=\"full\" ><div id=\"pgc-12-5-0\"  class=\"panel-grid-cell\" ><div id=\"panel-12-5-0-0\" class=\"so-panel widget widget_sow-headline panel-first-child panel-last-child\" data-index=\"10\" ><div\n\t\t\t\n\t\t\tclass=\"so-widget-sow-headline so-widget-sow-headline-default-85ea4ac10cbf-12\"\n\t\t\t\n\t\t><div class=\"sow-headline-container \">\n\t\t\t\t\t\t\t<h2 class=\"sow-headline\">\n\t\t\t\t\t\tVortragsprogramm\t\t\t\t\t\t<\/h2>\n\t\t\t\t\t\t<\/div>\n<\/div><\/div><\/div><\/div><\/div><div id=\"pg-12-6\"  class=\"panel-grid panel-no-style\" ><div id=\"pgc-12-6-0\"  class=\"panel-grid-cell\" ><div id=\"panel-12-6-0-0\" class=\"so-panel widget widget_text panel-first-child\" data-index=\"11\" >\t\t\t<div class=\"textwidget\"><p>Es war nicht leicht, wir hatten sehr viele, sehr gute Einreichungen. Wir freuen uns euch auch in diesem Jahr wieder ein tolles Programm mit hochkar\u00e4tigen Speakern bieten zu k\u00f6nnen.<\/p>\n<\/div>\n\t\t<\/div><div id=\"panel-12-6-0-1\" class=\"widget_text so-panel widget widget_custom_html panel-last-child\" data-index=\"12\" ><div class=\"textwidget custom-html-widget\"><script type=\"text\/javascript\" src=\"https:\/\/sessionize.com\/api\/v2\/qpotpbzs\/view\/SpeakerWall\"><\/script><\/div><\/div><\/div><\/div><div id=\"pg-12-7\"  class=\"panel-grid panel-no-style\" ><div id=\"pgc-12-7-0\"  class=\"panel-grid-cell\" ><div id=\"panel-12-7-0-0\" class=\"so-panel widget widget_sow-button panel-first-child panel-last-child\" data-index=\"13\" ><div\n\t\t\t\n\t\t\tclass=\"so-widget-sow-button so-widget-sow-button-flat-a993cadd8b79-12\"\n\t\t\t\n\t\t><div class=\"ow-button-base ow-button-align-center\"\n>\n\t\t\t<a\n\t\t\t\t\thref=\"https:\/\/javaforumnord.de\/2025\/programm\/\"\n\t\t\t\t\tclass=\"sowb-button ow-icon-placement-left ow-button-hover\" \t>\n\t\t<span>\n\t\t\t\n\t\t\tZum Programm\t\t<\/span>\n\t\t\t<\/a>\n\t<\/div>\n<\/div><\/div><\/div><div id=\"pgc-12-7-1\"  class=\"panel-grid-cell\" ><div id=\"panel-12-7-1-0\" class=\"so-panel widget widget_sow-button panel-first-child panel-last-child\" data-index=\"14\" ><div\n\t\t\t\n\t\t\tclass=\"so-widget-sow-button so-widget-sow-button-flat-a993cadd8b79-12\"\n\t\t\t\n\t\t><div class=\"ow-button-base ow-button-align-center\"\n>\n\t\t\t<a\n\t\t\t\t\thref=\"https:\/\/javaforumnord.de\/2025\/speaker\/\"\n\t\t\t\t\tclass=\"sowb-button ow-icon-placement-left ow-button-hover\" \t>\n\t\t<span>\n\t\t\t\n\t\t\tAlle ReferentInnen anzeigen\t\t<\/span>\n\t\t\t<\/a>\n\t<\/div>\n<\/div><\/div><\/div><\/div><div id=\"pg-12-8\"  class=\"panel-grid panel-has-style\" ><div class=\"so-rounded siteorigin-panels-stretch panel-row-style panel-row-style-for-12-8\" data-stretch-type=\"full\" ><div id=\"pgc-12-8-0\"  class=\"panel-grid-cell\" ><div id=\"panel-12-8-0-0\" class=\"so-panel widget widget_sow-headline panel-first-child panel-last-child\" data-index=\"15\" ><div\n\t\t\t\n\t\t\tclass=\"so-widget-sow-headline so-widget-sow-headline-default-85ea4ac10cbf-12\"\n\t\t\t\n\t\t><div class=\"sow-headline-container \">\n\t\t\t\t\t\t\t<h2 class=\"sow-headline\">\n\t\t\t\t\t\tSponsoren und Kooperationspartner\t\t\t\t\t\t<\/h2>\n\t\t\t\t\t\t<\/div>\n<\/div><\/div><\/div><\/div><\/div><div id=\"pg-12-9\"  class=\"panel-grid panel-has-style\" ><div class=\"so-rounded siteorigin-panels-stretch panel-row-style panel-row-style-for-12-9\" data-stretch-type=\"full\" ><div id=\"pgc-12-9-0\"  class=\"panel-grid-cell panel-grid-cell-empty\" ><\/div><div id=\"pgc-12-9-1\"  class=\"panel-grid-cell\" ><div id=\"panel-12-9-1-0\" class=\"so-panel widget widget_sow-image panel-first-child panel-last-child\" data-index=\"16\" ><div class=\"so-rounded panel-widget-style panel-widget-style-for-12-9-1-0\" ><div\n\t\t\t\n\t\t\tclass=\"so-widget-sow-image so-widget-sow-image-default-c67d20f9f743-12\"\n\t\t\t\n\t\t>\n<div class=\"sow-image-container\">\n\t\t\t<a href=\"https:\/\/eckcellent-it.de\/\"\n\t\t\ttarget=\"_blank\" rel=\"noopener noreferrer\" \t\t>\n\t\t\t<img \n\tsrc=\"https:\/\/javaforumnord.de\/2025\/wp-content\/uploads\/2025\/03\/eck_logo_1000-1.png\" width=\"1000\" height=\"1000\" srcset=\"https:\/\/javaforumnord.de\/2025\/wp-content\/uploads\/2025\/03\/eck_logo_1000-1.png 1000w, https:\/\/javaforumnord.de\/2025\/wp-content\/uploads\/2025\/03\/eck_logo_1000-1-300x300.png 300w, https:\/\/javaforumnord.de\/2025\/wp-content\/uploads\/2025\/03\/eck_logo_1000-1-150x150.png 150w, https:\/\/javaforumnord.de\/2025\/wp-content\/uploads\/2025\/03\/eck_logo_1000-1-768x768.png 768w, https:\/\/javaforumnord.de\/2025\/wp-content\/uploads\/2025\/03\/eck_logo_1000-1-500x500.png 500w\" sizes=\"(max-width: 1000px) 100vw, 1000px\" title=\"eckcellent\" alt=\"\" \t\tclass=\"so-widget-image\"\/>\n\t\t\t<\/a><\/div>\n\n<\/div><\/div><\/div><\/div><div id=\"pgc-12-9-2\"  class=\"panel-grid-cell panel-grid-cell-mobile-last\" ><div id=\"panel-12-9-2-0\" class=\"so-panel widget widget_sow-image panel-first-child panel-last-child\" data-index=\"17\" ><div class=\"so-rounded panel-widget-style panel-widget-style-for-12-9-2-0\" ><div\n\t\t\t\n\t\t\tclass=\"so-widget-sow-image so-widget-sow-image-default-c67d20f9f743-12\"\n\t\t\t\n\t\t>\n<div class=\"sow-image-container\">\n\t\t\t<a href=\"https:\/\/www.rossmann.de\/\"\n\t\t\ttarget=\"_blank\" rel=\"noopener noreferrer\" \t\t>\n\t\t\t<img \n\tsrc=\"https:\/\/javaforumnord.de\/2025\/wp-content\/uploads\/2025\/03\/ROSSMANN_Filiallogo_Standard_RGB-300x300.png\" width=\"300\" height=\"300\" srcset=\"https:\/\/javaforumnord.de\/2025\/wp-content\/uploads\/2025\/03\/ROSSMANN_Filiallogo_Standard_RGB-300x300.png 300w, https:\/\/javaforumnord.de\/2025\/wp-content\/uploads\/2025\/03\/ROSSMANN_Filiallogo_Standard_RGB-1024x1024.png 1024w, https:\/\/javaforumnord.de\/2025\/wp-content\/uploads\/2025\/03\/ROSSMANN_Filiallogo_Standard_RGB-150x150.png 150w, https:\/\/javaforumnord.de\/2025\/wp-content\/uploads\/2025\/03\/ROSSMANN_Filiallogo_Standard_RGB-768x768.png 768w, https:\/\/javaforumnord.de\/2025\/wp-content\/uploads\/2025\/03\/ROSSMANN_Filiallogo_Standard_RGB-1536x1536.png 1536w, https:\/\/javaforumnord.de\/2025\/wp-content\/uploads\/2025\/03\/ROSSMANN_Filiallogo_Standard_RGB-500x500.png 500w, https:\/\/javaforumnord.de\/2025\/wp-content\/uploads\/2025\/03\/ROSSMANN_Filiallogo_Standard_RGB.png 1684w\" sizes=\"(max-width: 300px) 100vw, 300px\" title=\"rossmann\" alt=\"\" \t\tclass=\"so-widget-image\"\/>\n\t\t\t<\/a><\/div>\n\n<\/div><\/div><\/div><\/div><div id=\"pgc-12-9-3\"  class=\"panel-grid-cell panel-grid-cell-empty\" ><\/div><\/div><\/div><div id=\"pg-12-10\"  class=\"panel-grid panel-has-style\" ><div class=\"so-rounded siteorigin-panels-stretch panel-row-style panel-row-style-for-12-10\" data-stretch-type=\"full\" ><div id=\"pgc-12-10-0\"  class=\"panel-grid-cell panel-grid-cell-empty\" ><\/div><div id=\"pgc-12-10-1\"  class=\"panel-grid-cell panel-grid-cell-empty\" ><\/div><div id=\"pgc-12-10-2\"  class=\"panel-grid-cell\" ><div id=\"panel-12-10-2-0\" class=\"so-panel widget widget_sow-image panel-first-child panel-last-child\" data-index=\"18\" ><div class=\"so-rounded panel-widget-style panel-widget-style-for-12-10-2-0\" ><div\n\t\t\t\n\t\t\tclass=\"so-widget-sow-image so-widget-sow-image-default-8b5b6f678277-12\"\n\t\t\t\n\t\t>\n<div class=\"sow-image-container\">\n\t\t\t<a href=\"https:\/\/www.f-i.de\/Karriere\"\n\t\t\ttarget=\"_blank\" rel=\"noopener noreferrer\" \t\t>\n\t\t\t<img \n\tsrc=\"https:\/\/javaforumnord.de\/2025\/wp-content\/uploads\/2025\/03\/Finanz_Informatik_1000.png\" width=\"1000\" height=\"1000\" srcset=\"https:\/\/javaforumnord.de\/2025\/wp-content\/uploads\/2025\/03\/Finanz_Informatik_1000.png 1000w, https:\/\/javaforumnord.de\/2025\/wp-content\/uploads\/2025\/03\/Finanz_Informatik_1000-300x300.png 300w, https:\/\/javaforumnord.de\/2025\/wp-content\/uploads\/2025\/03\/Finanz_Informatik_1000-150x150.png 150w, https:\/\/javaforumnord.de\/2025\/wp-content\/uploads\/2025\/03\/Finanz_Informatik_1000-768x768.png 768w, https:\/\/javaforumnord.de\/2025\/wp-content\/uploads\/2025\/03\/Finanz_Informatik_1000-500x500.png 500w\" sizes=\"(max-width: 1000px) 100vw, 1000px\" title=\"finanz Informatik\" alt=\"\" \t\tclass=\"so-widget-image\"\/>\n\t\t\t<\/a><\/div>\n\n<\/div><\/div><\/div><\/div><div id=\"pgc-12-10-3\"  class=\"panel-grid-cell\" ><div id=\"panel-12-10-3-0\" class=\"so-panel widget widget_sow-image panel-first-child panel-last-child\" data-index=\"19\" ><div class=\"so-rounded panel-widget-style panel-widget-style-for-12-10-3-0\" ><div\n\t\t\t\n\t\t\tclass=\"so-widget-sow-image so-widget-sow-image-default-8b5b6f678277-12\"\n\t\t\t\n\t\t>\n<div class=\"sow-image-container\">\n\t\t\t<a href=\"https:\/\/www.cgi.com\/de\"\n\t\t\ttarget=\"_blank\" rel=\"noopener noreferrer\" \t\t>\n\t\t\t<img \n\tsrc=\"https:\/\/javaforumnord.de\/2025\/wp-content\/uploads\/2025\/07\/cgi-logo-2.png\" width=\"900\" height=\"900\" srcset=\"https:\/\/javaforumnord.de\/2025\/wp-content\/uploads\/2025\/07\/cgi-logo-2.png 900w, https:\/\/javaforumnord.de\/2025\/wp-content\/uploads\/2025\/07\/cgi-logo-2-300x300.png 300w, https:\/\/javaforumnord.de\/2025\/wp-content\/uploads\/2025\/07\/cgi-logo-2-150x150.png 150w, https:\/\/javaforumnord.de\/2025\/wp-content\/uploads\/2025\/07\/cgi-logo-2-768x768.png 768w, https:\/\/javaforumnord.de\/2025\/wp-content\/uploads\/2025\/07\/cgi-logo-2-500x500.png 500w\" sizes=\"(max-width: 900px) 100vw, 900px\" title=\"CGI\" alt=\"\" \t\tclass=\"so-widget-image\"\/>\n\t\t\t<\/a><\/div>\n\n<\/div><\/div><\/div><\/div><div id=\"pgc-12-10-4\"  class=\"panel-grid-cell panel-grid-cell-empty panel-grid-cell-mobile-last\" ><\/div><div id=\"pgc-12-10-5\"  class=\"panel-grid-cell panel-grid-cell-empty\" ><\/div><\/div><\/div><div id=\"pg-12-11\"  class=\"panel-grid panel-has-style\" ><div class=\"so-rounded siteorigin-panels-stretch panel-row-style panel-row-style-for-12-11\" data-stretch-type=\"full\" ><div id=\"pgc-12-11-0\"  class=\"panel-grid-cell panel-grid-cell-empty\" ><\/div><div id=\"pgc-12-11-1\"  class=\"panel-grid-cell panel-grid-cell-empty\" ><\/div><div id=\"pgc-12-11-2\"  class=\"panel-grid-cell panel-grid-cell-empty\" ><\/div><div id=\"pgc-12-11-3\"  class=\"panel-grid-cell\" ><div id=\"panel-12-11-3-0\" class=\"so-panel widget widget_sow-image panel-first-child panel-last-child\" data-index=\"20\" ><div class=\"so-rounded panel-widget-style panel-widget-style-for-12-11-3-0\" ><div\n\t\t\t\n\t\t\tclass=\"so-widget-sow-image so-widget-sow-image-default-c67d20f9f743-12\"\n\t\t\t\n\t\t>\n<div class=\"sow-image-container\">\n\t\t\t<a href=\"https:\/\/www.ijug.eu\/de\/java-aktuell\/zeitschrift\/\"\n\t\t\ttarget=\"_blank\" rel=\"noopener noreferrer\" \t\t>\n\t\t\t<img \n\tsrc=\"https:\/\/javaforumnord.de\/2025\/wp-content\/uploads\/2025\/05\/javaaktuell_logo_1000.png\" width=\"1000\" height=\"1000\" srcset=\"https:\/\/javaforumnord.de\/2025\/wp-content\/uploads\/2025\/05\/javaaktuell_logo_1000.png 1000w, https:\/\/javaforumnord.de\/2025\/wp-content\/uploads\/2025\/05\/javaaktuell_logo_1000-300x300.png 300w, https:\/\/javaforumnord.de\/2025\/wp-content\/uploads\/2025\/05\/javaaktuell_logo_1000-150x150.png 150w, https:\/\/javaforumnord.de\/2025\/wp-content\/uploads\/2025\/05\/javaaktuell_logo_1000-768x768.png 768w, https:\/\/javaforumnord.de\/2025\/wp-content\/uploads\/2025\/05\/javaaktuell_logo_1000-500x500.png 500w\" sizes=\"(max-width: 1000px) 100vw, 1000px\" title=\"Java Aktuell\" alt=\"\" \t\tclass=\"so-widget-image\"\/>\n\t\t\t<\/a><\/div>\n\n<\/div><\/div><\/div><\/div><div id=\"pgc-12-11-4\"  class=\"panel-grid-cell panel-grid-cell-empty\" ><\/div><div id=\"pgc-12-11-5\"  class=\"panel-grid-cell panel-grid-cell-empty panel-grid-cell-mobile-last\" ><\/div><div id=\"pgc-12-11-6\"  class=\"panel-grid-cell panel-grid-cell-empty\" ><\/div><\/div><\/div><div id=\"pg-12-12\"  class=\"panel-grid panel-has-style\" ><div class=\"so-rounded siteorigin-panels-stretch panel-row-style panel-row-style-for-12-12\" data-stretch-type=\"full\" ><div id=\"pgc-12-12-0\"  class=\"panel-grid-cell\" ><div id=\"panel-12-12-0-0\" class=\"so-panel widget widget_sow-headline panel-first-child panel-last-child\" data-index=\"21\" ><div\n\t\t\t\n\t\t\tclass=\"so-widget-sow-headline so-widget-sow-headline-default-760da084205f-12\"\n\t\t\t\n\t\t><div class=\"sow-headline-container \">\n\t\t\t\t\t\t\t<p class=\"sow-headline\">\n\t\t\t\t\t\tM\u00f6chten auch Sie zum Java Forum Nord beitragen? - Jetzt Sponsor oder Partner werden... \t\t\t\t\t\t<\/p>\n\t\t\t\t\t\t\t\t\t\t\t\t<p class=\"sow-sub-headline\">\n\t\t\t\t\t\t\t\t\t\t\t\t\t<a href=\"mailto:office@javaforumnord.de\" >\n\t\t\t\t\t\t\t\tE-Mail an office@javaforumnord.de<\/a>\t\t\t\t\t\t<\/p>\n\t\t\t\t\t\t\t\t\t\t\t<div class=\"decoration\">\n\t\t\t\t\t\t<div class=\"decoration-inside\"><\/div>\n\t\t\t\t\t<\/div>\n\t\t\t\t\t<\/div>\n<\/div><\/div><\/div><\/div><\/div><div id=\"pg-12-13\"  class=\"panel-grid panel-no-style\" ><div id=\"pgc-12-13-0\"  class=\"panel-grid-cell\" ><div id=\"panel-12-13-0-0\" class=\"so-panel widget widget_sow-headline panel-first-child panel-last-child\" data-index=\"22\" ><div\n\t\t\t\n\t\t\tclass=\"so-widget-sow-headline so-widget-sow-headline-default-ec1eb4cebc48-12\"\n\t\t\t\n\t\t><div class=\"sow-headline-container \">\n\t\t\t\t\t\t\t<h2 class=\"sow-headline\">\n\t\t\t\t\t\tKonferenz WLAN Passwort: GQP79ncg\t\t\t\t\t\t<\/h2>\n\t\t\t\t\t\t\t\t\t\t\t<div class=\"decoration\">\n\t\t\t\t\t\t<div class=\"decoration-inside\"><\/div>\n\t\t\t\t\t<\/div>\n\t\t\t\t\t<\/div>\n<\/div><\/div><\/div><\/div><\/div>","protected":false},"excerpt":{"rendered":"<p>Java Forum Nord 2025 Dienstag, 16. September 2025 im HCC in Hannover Die Community Konferenz der Java User Groups aus dem Norden Opening Keynote Martina Staffa Software Engineer @ shopware AG Closing Keynote Eberhard Wolff Head of Architecture @ SWAGLab Tickets verf\u00fcgbar Jetzt Tickets sichern. Auch in diesem Jahr gibt es verg\u00fcnstigte Tickets f\u00fcr Studentinnen [&hellip;]<\/p>\n","protected":false},"author":1,"featured_media":0,"parent":0,"menu_order":0,"comment_status":"closed","ping_status":"closed","template":"","meta":{"footnotes":""},"class_list":["post-12","page","type-page","status-publish","hentry","post"],"_links":{"self":[{"href":"https:\/\/javaforumnord.de\/2025\/wp-json\/wp\/v2\/pages\/12","targetHints":{"allow":["GET"]}}],"collection":[{"href":"https:\/\/javaforumnord.de\/2025\/wp-json\/wp\/v2\/pages"}],"about":[{"href":"https:\/\/javaforumnord.de\/2025\/wp-json\/wp\/v2\/types\/page"}],"author":[{"embeddable":true,"href":"https:\/\/javaforumnord.de\/2025\/wp-json\/wp\/v2\/users\/1"}],"replies":[{"embeddable":true,"href":"https:\/\/javaforumnord.de\/2025\/wp-json\/wp\/v2\/comments?post=12"}],"version-history":[{"count":58,"href":"https:\/\/javaforumnord.de\/2025\/wp-json\/wp\/v2\/pages\/12\/revisions"}],"predecessor-version":[{"id":256,"href":"https:\/\/javaforumnord.de\/2025\/wp-json\/wp\/v2\/pages\/12\/revisions\/256"}],"wp:attachment":[{"href":"https:\/\/javaforumnord.de\/2025\/wp-json\/wp\/v2\/media?parent=12"}],"curies":[{"name":"wp","href":"https:\/\/api.w.org\/{rel}","templated":true}]}}